{"id":36,"date":"2020-12-28T18:36:04","date_gmt":"2020-12-28T18:36:04","guid":{"rendered":"http:\/\/ellenwhiteaudio.org\/sl\/?page_id=36"},"modified":"2020-12-29T01:53:09","modified_gmt":"2020-12-29T01:53:09","slug":"zvocne-knjige","status":"publish","type":"page","link":"https:\/\/ellenwhiteaudio.org\/sl\/","title":{"rendered":"Zvo\u010dne knjige"},"content":{"rendered":"\t\t<div data-elementor-type=\"wp-page\" data-elementor-id=\"36\" class=\"elementor elementor-36\" data-elementor-post-type=\"page\">\n\t\t\t\t\t\t<section class=\"elementor-section elementor-top-section elementor-element elementor-element-26b7c38e elementor-section-boxed elementor-section-height-default elementor-section-height-default\" data-id=\"26b7c38e\" data-element_type=\"section\" data-e-type=\"section\">\n\t\t\t\t\t\t<div class=\"elementor-container elementor-column-gap-default\">\n\t\t\t\t\t<div class=\"elementor-column elementor-col-100 elementor-top-column elementor-element elementor-element-1f4e4555\" data-id=\"1f4e4555\" data-element_type=\"column\" data-e-type=\"column\">\n\t\t\t<div class=\"elementor-widget-wrap elementor-element-populated\">\n\t\t\t\t\t\t<div class=\"elementor-element elementor-element-14e4965f elementor-widget__width-initial elementor-widget-tablet__width-initial elementor-widget elementor-widget-image\" data-id=\"14e4965f\" data-element_type=\"widget\" data-e-type=\"widget\" data-widget_type=\"image.default\">\n\t\t\t\t<div class=\"elementor-widget-container\">\n\t\t\t\t\t\t\t\t\t\t\t\t\t\t\t<img fetchpriority=\"high\" decoding=\"async\" width=\"281\" height=\"300\" src=\"https:\/\/ellenwhiteaudio.org\/sl\/wp-content\/uploads\/sites\/20\/2020\/12\/headphone.jpg\" class=\"attachment-large size-large wp-image-5\" alt=\"\" \/>\t\t\t\t\t\t\t\t\t\t\t\t\t\t\t<\/div>\n\t\t\t\t<\/div>\n\t\t\t\t<div class=\"elementor-element elementor-element-a28e19f elementor-widget__width-auto elementor-widget elementor-widget-heading\" data-id=\"a28e19f\" data-element_type=\"widget\" data-e-type=\"widget\" data-widget_type=\"heading.default\">\n\t\t\t\t<div class=\"elementor-widget-container\">\n\t\t\t\t\t<h2 class=\"elementor-heading-title elementor-size-default\">Brezpla\u010dne zvo\u010dne knjige<\/h2>\t\t\t\t<\/div>\n\t\t\t\t<\/div>\n\t\t\t\t\t<\/div>\n\t\t<\/div>\n\t\t\t\t\t<\/div>\n\t\t<\/section>\n\t\t\t\t<section class=\"elementor-section elementor-top-section elementor-element elementor-element-7d7850c elementor-section-boxed elementor-section-height-default elementor-section-height-default\" data-id=\"7d7850c\" data-element_type=\"section\" data-e-type=\"section\" data-settings=\"{&quot;background_background&quot;:&quot;classic&quot;}\">\n\t\t\t\t\t\t<div class=\"elementor-container elementor-column-gap-default\">\n\t\t\t\t\t<div class=\"elementor-column elementor-col-50 elementor-top-column elementor-element elementor-element-8a66a3f\" data-id=\"8a66a3f\" data-element_type=\"column\" data-e-type=\"column\" data-settings=\"{&quot;background_background&quot;:&quot;gradient&quot;}\">\n\t\t\t<div class=\"elementor-widget-wrap elementor-element-populated\">\n\t\t\t\t\t\t<div class=\"elementor-element elementor-element-d5e15c elementor-widget elementor-widget-heading\" data-id=\"d5e15c\" data-element_type=\"widget\" data-e-type=\"widget\" data-widget_type=\"heading.default\">\n\t\t\t\t<div class=\"elementor-widget-container\">\n\t\t\t\t\t<h2 class=\"elementor-heading-title elementor-size-default\">Ellen G. White<\/h2>\t\t\t\t<\/div>\n\t\t\t\t<\/div>\n\t\t\t\t<section class=\"elementor-section elementor-inner-section elementor-element elementor-element-4bfa15e5 elementor-section-boxed elementor-section-height-default elementor-section-height-default\" data-id=\"4bfa15e5\" data-element_type=\"section\" data-e-type=\"section\">\n\t\t\t\t\t\t<div class=\"elementor-container elementor-column-gap-default\">\n\t\t\t\t\t<div class=\"elementor-column elementor-col-50 elementor-inner-column elementor-element elementor-element-2339e4f4\" data-id=\"2339e4f4\" data-element_type=\"column\" data-e-type=\"column\">\n\t\t\t<div class=\"elementor-widget-wrap elementor-element-populated\">\n\t\t\t\t\t\t<div class=\"elementor-element elementor-element-3880b548 elementor-widget elementor-widget-image\" data-id=\"3880b548\" data-element_type=\"widget\" data-e-type=\"widget\" data-widget_type=\"image.default\">\n\t\t\t\t<div class=\"elementor-widget-container\">\n\t\t\t\t\t\t\t\t\t\t\t\t\t\t\t<img decoding=\"async\" width=\"600\" height=\"713\" src=\"https:\/\/ellenwhiteaudio.org\/sl\/wp-content\/uploads\/sites\/20\/2020\/12\/Ellen-G.-White.png\" class=\"attachment-medium_large size-medium_large wp-image-6\" alt=\"\" srcset=\"https:\/\/ellenwhiteaudio.org\/sl\/wp-content\/uploads\/sites\/20\/2020\/12\/Ellen-G.-White.png 600w, https:\/\/ellenwhiteaudio.org\/sl\/wp-content\/uploads\/sites\/20\/2020\/12\/Ellen-G.-White-252x300.png 252w\" sizes=\"(max-width: 600px) 100vw, 600px\" \/>\t\t\t\t\t\t\t\t\t\t\t\t\t\t\t<\/div>\n\t\t\t\t<\/div>\n\t\t\t\t\t<\/div>\n\t\t<\/div>\n\t\t\t\t<div class=\"elementor-column elementor-col-50 elementor-inner-column elementor-element elementor-element-4565e491\" data-id=\"4565e491\" data-element_type=\"column\" data-e-type=\"column\">\n\t\t\t<div class=\"elementor-widget-wrap elementor-element-populated\">\n\t\t\t\t\t\t<div class=\"elementor-element elementor-element-469ed7b2 elementor-widget elementor-widget-heading\" data-id=\"469ed7b2\" data-element_type=\"widget\" data-e-type=\"widget\" data-widget_type=\"heading.default\">\n\t\t\t\t<div class=\"elementor-widget-container\">\n\t\t\t\t\t<h2 class=\"elementor-heading-title elementor-size-default\">Knjige<\/h2>\t\t\t\t<\/div>\n\t\t\t\t<\/div>\n\t\t\t\t<div class=\"elementor-element elementor-element-2804ad49 elementor-grid-1 elementor-posts--thumbnail-none elementor-posts--align-left elementor-grid-tablet-1 elementor-grid-mobile-1 elementor-widget elementor-widget-posts\" data-id=\"2804ad49\" data-element_type=\"widget\" data-e-type=\"widget\" data-settings=\"{&quot;classic_columns&quot;:&quot;1&quot;,&quot;classic_row_gap&quot;:{&quot;unit&quot;:&quot;px&quot;,&quot;size&quot;:7,&quot;sizes&quot;:[]},&quot;classic_columns_tablet&quot;:&quot;1&quot;,&quot;classic_columns_mobile&quot;:&quot;1&quot;,&quot;classic_row_gap_tablet&quot;:{&quot;unit&quot;:&quot;px&quot;,&quot;size&quot;:&quot;&quot;,&quot;sizes&quot;:[]},&quot;classic_row_gap_mobile&quot;:{&quot;unit&quot;:&quot;px&quot;,&quot;size&quot;:&quot;&quot;,&quot;sizes&quot;:[]}}\" data-widget_type=\"posts.classic\">\n\t\t\t\t<div class=\"elementor-widget-container\">\n\t\t\t\t\t\t\t<div class=\"elementor-posts-container elementor-posts elementor-posts--skin-classic elementor-grid\" role=\"list\">\n\t\t\t\t<article class=\"elementor-post elementor-grid-item post-44 post type-post status-publish format-standard has-post-thumbnail hentry category-books app-category-ellen-whitova app-category-knjige\" role=\"listitem\">\n\t\t\t\t<div class=\"elementor-post__text\">\n\t\t\t\t<h3 class=\"elementor-post__title\">\n\t\t\t<a href=\"https:\/\/ellenwhiteaudio.org\/sl\/hrepenenje-vekov\/\" >\n\t\t\t\tHrepenenje Vekov\t\t\t<\/a>\n\t\t<\/h3>\n\t\t\t\t<\/div>\n\t\t\t\t<\/article>\n\t\t\t\t<article class=\"elementor-post elementor-grid-item post-46 post type-post status-publish format-standard has-post-thumbnail hentry category-books app-category-ellen-whitova app-category-knjige\" role=\"listitem\">\n\t\t\t\t<div class=\"elementor-post__text\">\n\t\t\t\t<h3 class=\"elementor-post__title\">\n\t\t\t<a href=\"https:\/\/ellenwhiteaudio.org\/sl\/ocaki-in-preroki\/\" >\n\t\t\t\tO\u010daki in Preroki\t\t\t<\/a>\n\t\t<\/h3>\n\t\t\t\t<\/div>\n\t\t\t\t<\/article>\n\t\t\t\t<article class=\"elementor-post elementor-grid-item post-48 post type-post status-publish format-standard has-post-thumbnail hentry category-books app-category-ellen-whitova app-category-knjige\" role=\"listitem\">\n\t\t\t\t<div class=\"elementor-post__text\">\n\t\t\t\t<h3 class=\"elementor-post__title\">\n\t\t\t<a href=\"https:\/\/ellenwhiteaudio.org\/sl\/pot-h-kristusu\/\" >\n\t\t\t\tPot h Kristusu\t\t\t<\/a>\n\t\t<\/h3>\n\t\t\t\t<\/div>\n\t\t\t\t<\/article>\n\t\t\t\t<article class=\"elementor-post elementor-grid-item post-133 post type-post status-publish format-standard has-post-thumbnail hentry category-books app-category-ellen-whitova app-category-knjige\" role=\"listitem\">\n\t\t\t\t<div class=\"elementor-post__text\">\n\t\t\t\t<h3 class=\"elementor-post__title\">\n\t\t\t<a href=\"https:\/\/ellenwhiteaudio.org\/sl\/preroki-in-kralji\/\" >\n\t\t\t\tPreroki in Kralji\t\t\t<\/a>\n\t\t<\/h3>\n\t\t\t\t<\/div>\n\t\t\t\t<\/article>\n\t\t\t\t<article class=\"elementor-post elementor-grid-item post-50 post type-post status-publish format-standard has-post-thumbnail hentry category-books app-category-ellen-whitova app-category-knjige\" role=\"listitem\">\n\t\t\t\t<div class=\"elementor-post__text\">\n\t\t\t\t<h3 class=\"elementor-post__title\">\n\t\t\t<a href=\"https:\/\/ellenwhiteaudio.org\/sl\/veliki-boj-med-kristusom-in-satanom\/\" >\n\t\t\t\tVeliki boj med Kristusom in Satanom\t\t\t<\/a>\n\t\t<\/h3>\n\t\t\t\t<\/div>\n\t\t\t\t<\/article>\n\t\t\t\t<article class=\"elementor-post elementor-grid-item post-52 post type-post status-publish format-standard has-post-thumbnail hentry category-books app-category-ellen-whitova app-category-knjige\" role=\"listitem\">\n\t\t\t\t<div class=\"elementor-post__text\">\n\t\t\t\t<h3 class=\"elementor-post__title\">\n\t\t\t<a href=\"https:\/\/ellenwhiteaudio.org\/sl\/zdravje-na-dosegu-roke\/\" >\n\t\t\t\tZdravje na Dosegu Roke\t\t\t<\/a>\n\t\t<\/h3>\n\t\t\t\t<\/div>\n\t\t\t\t<\/article>\n\t\t\t\t<\/div>\n\t\t\n\t\t\t\t\t\t<\/div>\n\t\t\t\t<\/div>\n\t\t\t\t<div class=\"elementor-element elementor-element-6b96a790 elementor-widget-divider--view-line_icon elementor-view-default elementor-widget-divider--element-align-center elementor-widget elementor-widget-divider\" data-id=\"6b96a790\" data-element_type=\"widget\" data-e-type=\"widget\" data-widget_type=\"divider.default\">\n\t\t\t\t<div class=\"elementor-widget-container\">\n\t\t\t\t\t\t\t<div class=\"elementor-divider\">\n\t\t\t<span class=\"elementor-divider-separator\">\n\t\t\t\t\t\t\t<div class=\"elementor-icon elementor-divider__element\">\n\t\t\t\t\t<i aria-hidden=\"true\" class=\"fas fa-book-open\"><\/i><\/div>\n\t\t\t\t\t\t<\/span>\n\t\t<\/div>\n\t\t\t\t\t\t<\/div>\n\t\t\t\t<\/div>\n\t\t\t\t<div class=\"elementor-element elementor-element-989c83d elementor-widget elementor-widget-heading\" data-id=\"989c83d\" data-element_type=\"widget\" data-e-type=\"widget\" data-widget_type=\"heading.default\">\n\t\t\t\t<div class=\"elementor-widget-container\">\n\t\t\t\t\t<h2 class=\"elementor-heading-title elementor-size-default\">Devocionali<\/h2>\t\t\t\t<\/div>\n\t\t\t\t<\/div>\n\t\t\t\t<div class=\"elementor-element elementor-element-f36b78e elementor-grid-1 elementor-posts--thumbnail-none elementor-posts--align-left elementor-grid-tablet-1 elementor-grid-mobile-1 elementor-widget elementor-widget-posts\" data-id=\"f36b78e\" data-element_type=\"widget\" data-e-type=\"widget\" data-settings=\"{&quot;classic_columns&quot;:&quot;1&quot;,&quot;classic_row_gap&quot;:{&quot;unit&quot;:&quot;px&quot;,&quot;size&quot;:7,&quot;sizes&quot;:[]},&quot;classic_columns_tablet&quot;:&quot;1&quot;,&quot;classic_columns_mobile&quot;:&quot;1&quot;,&quot;classic_row_gap_tablet&quot;:{&quot;unit&quot;:&quot;px&quot;,&quot;size&quot;:&quot;&quot;,&quot;sizes&quot;:[]},&quot;classic_row_gap_mobile&quot;:{&quot;unit&quot;:&quot;px&quot;,&quot;size&quot;:&quot;&quot;,&quot;sizes&quot;:[]}}\" data-widget_type=\"posts.classic\">\n\t\t\t\t<div class=\"elementor-widget-container\">\n\t\t\t\t\t\t\t<div class=\"elementor-posts-container elementor-posts elementor-posts--skin-classic elementor-grid\" role=\"list\">\n\t\t\t\t<article class=\"elementor-post elementor-grid-item post-41 post type-post status-publish format-standard has-post-thumbnail hentry category-devotionals app-category-ellen-whitova app-category-poboznosti\" role=\"listitem\">\n\t\t\t\t<div class=\"elementor-post__text\">\n\t\t\t\t<h3 class=\"elementor-post__title\">\n\t\t\t<a href=\"https:\/\/ellenwhiteaudio.org\/sl\/vera-po-kateri-zivim\/\" >\n\t\t\t\tVera Po Kateri \u017divim\t\t\t<\/a>\n\t\t<\/h3>\n\t\t\t\t<\/div>\n\t\t\t\t<\/article>\n\t\t\t\t<\/div>\n\t\t\n\t\t\t\t\t\t<\/div>\n\t\t\t\t<\/div>\n\t\t\t\t\t<\/div>\n\t\t<\/div>\n\t\t\t\t\t<\/div>\n\t\t<\/section>\n\t\t\t\t\t<\/div>\n\t\t<\/div>\n\t\t\t\t<div class=\"elementor-column elementor-col-50 elementor-top-column elementor-element elementor-element-6a0419d8\" data-id=\"6a0419d8\" data-element_type=\"column\" data-e-type=\"column\" data-settings=\"{&quot;background_background&quot;:&quot;classic&quot;}\">\n\t\t\t<div class=\"elementor-widget-wrap elementor-element-populated\">\n\t\t\t\t\t\t<section class=\"elementor-section elementor-inner-section elementor-element elementor-element-675cd73b elementor-section-boxed elementor-section-height-default elementor-section-height-default\" data-id=\"675cd73b\" data-element_type=\"section\" data-e-type=\"section\" data-settings=\"{&quot;background_background&quot;:&quot;classic&quot;}\">\n\t\t\t\t\t\t<div class=\"elementor-container elementor-column-gap-default\">\n\t\t\t\t\t<div class=\"elementor-column elementor-col-100 elementor-inner-column elementor-element elementor-element-2a6559\" data-id=\"2a6559\" data-element_type=\"column\" data-e-type=\"column\">\n\t\t\t<div class=\"elementor-widget-wrap elementor-element-populated\">\n\t\t\t\t\t\t<div class=\"elementor-element elementor-element-3207b6c4 elementor-widget elementor-widget-spacer\" data-id=\"3207b6c4\" data-element_type=\"widget\" data-e-type=\"widget\" data-widget_type=\"spacer.default\">\n\t\t\t\t<div class=\"elementor-widget-container\">\n\t\t\t\t\t\t\t<div class=\"elementor-spacer\">\n\t\t\t<div class=\"elementor-spacer-inner\"><\/div>\n\t\t<\/div>\n\t\t\t\t\t\t<\/div>\n\t\t\t\t<\/div>\n\t\t\t\t\t<\/div>\n\t\t<\/div>\n\t\t\t\t\t<\/div>\n\t\t<\/section>\n\t\t\t\t<section class=\"elementor-section elementor-inner-section elementor-element elementor-element-16142908 elementor-section-boxed elementor-section-height-default elementor-section-height-default\" data-id=\"16142908\" data-element_type=\"section\" data-e-type=\"section\" data-settings=\"{&quot;background_background&quot;:&quot;classic&quot;}\">\n\t\t\t\t\t\t<div class=\"elementor-container elementor-column-gap-default\">\n\t\t\t\t\t<div class=\"elementor-column elementor-col-100 elementor-inner-column elementor-element elementor-element-680dd8fc\" data-id=\"680dd8fc\" data-element_type=\"column\" data-e-type=\"column\">\n\t\t\t<div class=\"elementor-widget-wrap elementor-element-populated\">\n\t\t\t\t\t\t<div class=\"elementor-element elementor-element-17073e2b elementor-widget elementor-widget-heading\" data-id=\"17073e2b\" data-element_type=\"widget\" data-e-type=\"widget\" data-widget_type=\"heading.default\">\n\t\t\t\t<div class=\"elementor-widget-container\">\n\t\t\t\t\t<h2 class=\"elementor-heading-title elementor-size-default\">Vas je to spletno mesto blagoslovilo?<\/h2>\t\t\t\t<\/div>\n\t\t\t\t<\/div>\n\t\t\t\t<div class=\"elementor-element elementor-element-409dffa4 elementor-widget elementor-widget-heading\" data-id=\"409dffa4\" data-element_type=\"widget\" data-e-type=\"widget\" data-widget_type=\"heading.default\">\n\t\t\t\t<div class=\"elementor-widget-container\">\n\t\t\t\t\t<h2 class=\"elementor-heading-title elementor-size-default\">Pomagajte nam pripovedovati ve\u010d knjig<\/h2>\t\t\t\t<\/div>\n\t\t\t\t<\/div>\n\t\t\t\t<div class=\"elementor-element elementor-element-3185da76 elementor-button-success elementor-align-center elementor-widget elementor-widget-button\" data-id=\"3185da76\" data-element_type=\"widget\" data-e-type=\"widget\" data-widget_type=\"button.default\">\n\t\t\t\t<div class=\"elementor-widget-container\">\n\t\t\t\t\t\t\t\t\t<div class=\"elementor-button-wrapper\">\n\t\t\t\t\t<a class=\"elementor-button elementor-button-link elementor-size-sm\" href=\"https:\/\/ellenwhiteaudio.org\/donate\/\">\n\t\t\t\t\t\t<span class=\"elementor-button-content-wrapper\">\n\t\t\t\t\t\t\t\t\t<span class=\"elementor-button-text\">Donirajte<\/span>\n\t\t\t\t\t<\/span>\n\t\t\t\t\t<\/a>\n\t\t\t\t<\/div>\n\t\t\t\t\t\t\t\t<\/div>\n\t\t\t\t<\/div>\n\t\t\t\t<div class=\"elementor-element elementor-element-75043b33 elementor-widget-divider--view-line elementor-widget elementor-widget-divider\" data-id=\"75043b33\" data-element_type=\"widget\" data-e-type=\"widget\" data-widget_type=\"divider.default\">\n\t\t\t\t<div class=\"elementor-widget-container\">\n\t\t\t\t\t\t\t<div class=\"elementor-divider\">\n\t\t\t<span class=\"elementor-divider-separator\">\n\t\t\t\t\t\t<\/span>\n\t\t<\/div>\n\t\t\t\t\t\t<\/div>\n\t\t\t\t<\/div>\n\t\t\t\t<div class=\"elementor-element elementor-element-1559bc41 elementor-widget elementor-widget-heading\" data-id=\"1559bc41\" data-element_type=\"widget\" data-e-type=\"widget\" data-widget_type=\"heading.default\">\n\t\t\t\t<div class=\"elementor-widget-container\">\n\t\t\t\t\t<h2 class=\"elementor-heading-title elementor-size-default\">Spoznajte, kaj se po\u010dne<\/h2>\t\t\t\t<\/div>\n\t\t\t\t<\/div>\n\t\t\t\t<div class=\"elementor-element elementor-element-26cfe022 elementor-button-success elementor-align-justify elementor-widget elementor-widget-button\" data-id=\"26cfe022\" data-element_type=\"widget\" data-e-type=\"widget\" data-widget_type=\"button.default\">\n\t\t\t\t<div class=\"elementor-widget-container\">\n\t\t\t\t\t\t\t\t\t<div class=\"elementor-button-wrapper\">\n\t\t\t\t\t<a class=\"elementor-button elementor-button-link elementor-size-sm\" href=\"https:\/\/ellenwhiteaudio.org\/ministry-needs\/\">\n\t\t\t\t\t\t<span class=\"elementor-button-content-wrapper\">\n\t\t\t\t\t\t\t\t\t<span class=\"elementor-button-text\">Potrebe<\/span>\n\t\t\t\t\t<\/span>\n\t\t\t\t\t<\/a>\n\t\t\t\t<\/div>\n\t\t\t\t\t\t\t\t<\/div>\n\t\t\t\t<\/div>\n\t\t\t\t\t<\/div>\n\t\t<\/div>\n\t\t\t\t\t<\/div>\n\t\t<\/section>\n\t\t\t\t\t<\/div>\n\t\t<\/div>\n\t\t\t\t\t<\/div>\n\t\t<\/section>\n\t\t\t\t<\/div>\n\t\t","protected":false},"excerpt":{"rendered":"<p>Brezpla\u010dne zvo\u010dne knjige Ellen G. White Knjige Devocionali Vas je to spletno mesto blagoslovilo? Pomagajte nam pripovedovati ve\u010d knjig Donirajte Spoznajte, kaj se po\u010dne Potrebe<\/p>\n","protected":false},"author":3,"featured_media":6,"parent":0,"menu_order":0,"comment_status":"closed","ping_status":"closed","template":"","meta":{"dwc-title":[""],"dwc-content":[""],"footnotes":""},"class_list":["post-36","page","type-page","status-publish","has-post-thumbnail","hentry"],"yoast_head":"<!-- This site is optimized with the Yoast SEO plugin v27.3 - https:\/\/yoast.com\/product\/yoast-seo-wordpress\/ -->\n<title>Zvo\u010dne knjige - Ellen White Audio - Sloven\u0161\u010dina<\/title>\n<meta name=\"robots\" content=\"noindex, follow, max-snippet:-1, max-image-preview:large, max-video-preview:-1\" \/>\n<meta property=\"og:locale\" content=\"en_US\" \/>\n<meta property=\"og:type\" content=\"article\" \/>\n<meta property=\"og:title\" content=\"Zvo\u010dne knjige - Ellen White Audio - Sloven\u0161\u010dina\" \/>\n<meta property=\"og:description\" content=\"Brezpla\u010dne zvo\u010dne knjige Ellen G. White Knjige Devocionali Vas je to spletno mesto blagoslovilo? Pomagajte nam pripovedovati ve\u010d knjig Donirajte Spoznajte, kaj se po\u010dne Potrebe\" \/>\n<meta property=\"og:url\" content=\"https:\/\/ellenwhiteaudio.org\/sl\/\" \/>\n<meta property=\"og:site_name\" content=\"Ellen White Audio - Sloven\u0161\u010dina\" \/>\n<meta property=\"article:modified_time\" content=\"2020-12-29T01:53:09+00:00\" \/>\n<meta property=\"og:image\" content=\"https:\/\/ellenwhiteaudio.org\/sl\/wp-content\/uploads\/sites\/20\/2020\/12\/Ellen-G.-White.png\" \/>\n\t<meta property=\"og:image:width\" content=\"600\" \/>\n\t<meta property=\"og:image:height\" content=\"713\" \/>\n\t<meta property=\"og:image:type\" content=\"image\/png\" \/>\n<meta name=\"twitter:card\" content=\"summary_large_image\" \/>\n<script type=\"application\/ld+json\" class=\"yoast-schema-graph\">{\"@context\":\"https:\\\/\\\/schema.org\",\"@graph\":[{\"@type\":\"WebPage\",\"@id\":\"https:\\\/\\\/ellenwhiteaudio.org\\\/sl\\\/\",\"url\":\"https:\\\/\\\/ellenwhiteaudio.org\\\/sl\\\/\",\"name\":\"Zvo\u010dne knjige - Ellen White Audio - Sloven\u0161\u010dina\",\"isPartOf\":{\"@id\":\"https:\\\/\\\/ellenwhiteaudio.org\\\/sl\\\/#website\"},\"primaryImageOfPage\":{\"@id\":\"https:\\\/\\\/ellenwhiteaudio.org\\\/sl\\\/#primaryimage\"},\"image\":{\"@id\":\"https:\\\/\\\/ellenwhiteaudio.org\\\/sl\\\/#primaryimage\"},\"thumbnailUrl\":\"https:\\\/\\\/ellenwhiteaudio.org\\\/sl\\\/wp-content\\\/uploads\\\/sites\\\/20\\\/2020\\\/12\\\/Ellen-G.-White.png\",\"datePublished\":\"2020-12-28T18:36:04+00:00\",\"dateModified\":\"2020-12-29T01:53:09+00:00\",\"breadcrumb\":{\"@id\":\"https:\\\/\\\/ellenwhiteaudio.org\\\/sl\\\/#breadcrumb\"},\"inLanguage\":\"en-US\",\"potentialAction\":[{\"@type\":\"ReadAction\",\"target\":[\"https:\\\/\\\/ellenwhiteaudio.org\\\/sl\\\/\"]}]},{\"@type\":\"ImageObject\",\"inLanguage\":\"en-US\",\"@id\":\"https:\\\/\\\/ellenwhiteaudio.org\\\/sl\\\/#primaryimage\",\"url\":\"https:\\\/\\\/ellenwhiteaudio.org\\\/sl\\\/wp-content\\\/uploads\\\/sites\\\/20\\\/2020\\\/12\\\/Ellen-G.-White.png\",\"contentUrl\":\"https:\\\/\\\/ellenwhiteaudio.org\\\/sl\\\/wp-content\\\/uploads\\\/sites\\\/20\\\/2020\\\/12\\\/Ellen-G.-White.png\",\"width\":600,\"height\":713},{\"@type\":\"BreadcrumbList\",\"@id\":\"https:\\\/\\\/ellenwhiteaudio.org\\\/sl\\\/#breadcrumb\",\"itemListElement\":[{\"@type\":\"ListItem\",\"position\":1,\"name\":\"Home\",\"item\":\"https:\\\/\\\/ellenwhiteaudio.org\\\/sl\\\/\"},{\"@type\":\"ListItem\",\"position\":2,\"name\":\"Zvo\u010dne knjige\"}]},{\"@type\":\"WebSite\",\"@id\":\"https:\\\/\\\/ellenwhiteaudio.org\\\/sl\\\/#website\",\"url\":\"https:\\\/\\\/ellenwhiteaudio.org\\\/sl\\\/\",\"name\":\"Ellen White Audio - Sloven\u0161\u010dina\",\"description\":\"Zvo\u010dne knjige Ellen White\",\"potentialAction\":[{\"@type\":\"SearchAction\",\"target\":{\"@type\":\"EntryPoint\",\"urlTemplate\":\"https:\\\/\\\/ellenwhiteaudio.org\\\/sl\\\/?s={search_term_string}\"},\"query-input\":{\"@type\":\"PropertyValueSpecification\",\"valueRequired\":true,\"valueName\":\"search_term_string\"}}],\"inLanguage\":\"en-US\"}]}<\/script>\n<!-- \/ Yoast SEO plugin. -->","yoast_head_json":{"title":"Zvo\u010dne knjige - Ellen White Audio - Sloven\u0161\u010dina","robots":{"index":"noindex","follow":"follow","max-snippet":"max-snippet:-1","max-image-preview":"max-image-preview:large","max-video-preview":"max-video-preview:-1"},"og_locale":"en_US","og_type":"article","og_title":"Zvo\u010dne knjige - Ellen White Audio - Sloven\u0161\u010dina","og_description":"Brezpla\u010dne zvo\u010dne knjige Ellen G. White Knjige Devocionali Vas je to spletno mesto blagoslovilo? Pomagajte nam pripovedovati ve\u010d knjig Donirajte Spoznajte, kaj se po\u010dne Potrebe","og_url":"https:\/\/ellenwhiteaudio.org\/sl\/","og_site_name":"Ellen White Audio - Sloven\u0161\u010dina","article_modified_time":"2020-12-29T01:53:09+00:00","og_image":[{"width":600,"height":713,"url":"https:\/\/ellenwhiteaudio.org\/sl\/wp-content\/uploads\/sites\/20\/2020\/12\/Ellen-G.-White.png","type":"image\/png"}],"twitter_card":"summary_large_image","schema":{"@context":"https:\/\/schema.org","@graph":[{"@type":"WebPage","@id":"https:\/\/ellenwhiteaudio.org\/sl\/","url":"https:\/\/ellenwhiteaudio.org\/sl\/","name":"Zvo\u010dne knjige - Ellen White Audio - Sloven\u0161\u010dina","isPartOf":{"@id":"https:\/\/ellenwhiteaudio.org\/sl\/#website"},"primaryImageOfPage":{"@id":"https:\/\/ellenwhiteaudio.org\/sl\/#primaryimage"},"image":{"@id":"https:\/\/ellenwhiteaudio.org\/sl\/#primaryimage"},"thumbnailUrl":"https:\/\/ellenwhiteaudio.org\/sl\/wp-content\/uploads\/sites\/20\/2020\/12\/Ellen-G.-White.png","datePublished":"2020-12-28T18:36:04+00:00","dateModified":"2020-12-29T01:53:09+00:00","breadcrumb":{"@id":"https:\/\/ellenwhiteaudio.org\/sl\/#breadcrumb"},"inLanguage":"en-US","potentialAction":[{"@type":"ReadAction","target":["https:\/\/ellenwhiteaudio.org\/sl\/"]}]},{"@type":"ImageObject","inLanguage":"en-US","@id":"https:\/\/ellenwhiteaudio.org\/sl\/#primaryimage","url":"https:\/\/ellenwhiteaudio.org\/sl\/wp-content\/uploads\/sites\/20\/2020\/12\/Ellen-G.-White.png","contentUrl":"https:\/\/ellenwhiteaudio.org\/sl\/wp-content\/uploads\/sites\/20\/2020\/12\/Ellen-G.-White.png","width":600,"height":713},{"@type":"BreadcrumbList","@id":"https:\/\/ellenwhiteaudio.org\/sl\/#breadcrumb","itemListElement":[{"@type":"ListItem","position":1,"name":"Home","item":"https:\/\/ellenwhiteaudio.org\/sl\/"},{"@type":"ListItem","position":2,"name":"Zvo\u010dne knjige"}]},{"@type":"WebSite","@id":"https:\/\/ellenwhiteaudio.org\/sl\/#website","url":"https:\/\/ellenwhiteaudio.org\/sl\/","name":"Ellen White Audio - Sloven\u0161\u010dina","description":"Zvo\u010dne knjige Ellen White","potentialAction":[{"@type":"SearchAction","target":{"@type":"EntryPoint","urlTemplate":"https:\/\/ellenwhiteaudio.org\/sl\/?s={search_term_string}"},"query-input":{"@type":"PropertyValueSpecification","valueRequired":true,"valueName":"search_term_string"}}],"inLanguage":"en-US"}]}},"_links":{"self":[{"href":"https:\/\/ellenwhiteaudio.org\/sl\/wp-json\/wp\/v2\/pages\/36","targetHints":{"allow":["GET"]}}],"collection":[{"href":"https:\/\/ellenwhiteaudio.org\/sl\/wp-json\/wp\/v2\/pages"}],"about":[{"href":"https:\/\/ellenwhiteaudio.org\/sl\/wp-json\/wp\/v2\/types\/page"}],"author":[{"embeddable":true,"href":"https:\/\/ellenwhiteaudio.org\/sl\/wp-json\/wp\/v2\/users\/3"}],"replies":[{"embeddable":true,"href":"https:\/\/ellenwhiteaudio.org\/sl\/wp-json\/wp\/v2\/comments?post=36"}],"version-history":[{"count":5,"href":"https:\/\/ellenwhiteaudio.org\/sl\/wp-json\/wp\/v2\/pages\/36\/revisions"}],"predecessor-version":[{"id":72,"href":"https:\/\/ellenwhiteaudio.org\/sl\/wp-json\/wp\/v2\/pages\/36\/revisions\/72"}],"wp:featuredmedia":[{"embeddable":true,"href":"https:\/\/ellenwhiteaudio.org\/sl\/wp-json\/wp\/v2\/media\/6"}],"wp:attachment":[{"href":"https:\/\/ellenwhiteaudio.org\/sl\/wp-json\/wp\/v2\/media?parent=36"}],"curies":[{"name":"wp","href":"https:\/\/api.w.org\/{rel}","templated":true}]}}