{"id":6,"date":"2013-08-15T23:56:33","date_gmt":"2013-08-15T23:56:33","guid":{"rendered":"http:\/\/ellenwhiteaudio.org\/ro\/?page_id=6"},"modified":"2020-07-29T18:43:20","modified_gmt":"2020-07-29T18:43:20","slug":"carti-audio","status":"publish","type":"page","link":"https:\/\/ellenwhiteaudio.org\/ro\/","title":{"rendered":"C\u0103r\u021bi audio"},"content":{"rendered":"\t\t<div data-elementor-type=\"wp-page\" data-elementor-id=\"6\" class=\"elementor elementor-6\" data-elementor-post-type=\"page\">\n\t\t\t\t\t\t<section class=\"elementor-section elementor-top-section elementor-element elementor-element-3dfe057d elementor-section-boxed elementor-section-height-default elementor-section-height-default\" data-id=\"3dfe057d\" data-element_type=\"section\" data-e-type=\"section\">\n\t\t\t\t\t\t<div class=\"elementor-container elementor-column-gap-default\">\n\t\t\t\t\t<div class=\"elementor-column elementor-col-100 elementor-top-column elementor-element elementor-element-5470bd68\" data-id=\"5470bd68\" data-element_type=\"column\" data-e-type=\"column\">\n\t\t\t<div class=\"elementor-widget-wrap elementor-element-populated\">\n\t\t\t\t\t\t<div class=\"elementor-element elementor-element-44a766d9 elementor-widget__width-initial elementor-widget-tablet__width-initial elementor-widget elementor-widget-image\" data-id=\"44a766d9\" data-element_type=\"widget\" data-e-type=\"widget\" data-widget_type=\"image.default\">\n\t\t\t\t<div class=\"elementor-widget-container\">\n\t\t\t\t\t\t\t\t\t\t\t\t\t\t\t<img fetchpriority=\"high\" decoding=\"async\" width=\"281\" height=\"300\" src=\"https:\/\/ellenwhiteaudio.org\/ro\/wp-content\/uploads\/sites\/9\/2020\/07\/headphone.jpg\" class=\"attachment-large size-large wp-image-150\" alt=\"\" \/>\t\t\t\t\t\t\t\t\t\t\t\t\t\t\t<\/div>\n\t\t\t\t<\/div>\n\t\t\t\t<div class=\"elementor-element elementor-element-3f1ea75f elementor-widget__width-auto elementor-widget elementor-widget-heading\" data-id=\"3f1ea75f\" data-element_type=\"widget\" data-e-type=\"widget\" data-widget_type=\"heading.default\">\n\t\t\t\t<div class=\"elementor-widget-container\">\n\t\t\t\t\t<h2 class=\"elementor-heading-title elementor-size-default\">C\u0103r\u021bi audio<\/h2>\t\t\t\t<\/div>\n\t\t\t\t<\/div>\n\t\t\t\t\t<\/div>\n\t\t<\/div>\n\t\t\t\t\t<\/div>\n\t\t<\/section>\n\t\t\t\t<section class=\"elementor-section elementor-top-section elementor-element elementor-element-4a698ae3 elementor-section-boxed elementor-section-height-default elementor-section-height-default\" data-id=\"4a698ae3\" data-element_type=\"section\" data-e-type=\"section\" data-settings=\"{&quot;background_background&quot;:&quot;classic&quot;}\">\n\t\t\t\t\t\t<div class=\"elementor-container elementor-column-gap-default\">\n\t\t\t\t\t<div class=\"elementor-column elementor-col-50 elementor-top-column elementor-element elementor-element-651053b6\" data-id=\"651053b6\" data-element_type=\"column\" data-e-type=\"column\" data-settings=\"{&quot;background_background&quot;:&quot;gradient&quot;}\">\n\t\t\t<div class=\"elementor-widget-wrap elementor-element-populated\">\n\t\t\t\t\t\t<div class=\"elementor-element elementor-element-706d3206 elementor-widget elementor-widget-heading\" data-id=\"706d3206\" data-element_type=\"widget\" data-e-type=\"widget\" data-widget_type=\"heading.default\">\n\t\t\t\t<div class=\"elementor-widget-container\">\n\t\t\t\t\t<h2 class=\"elementor-heading-title elementor-size-default\">Ellen G. White<\/h2>\t\t\t\t<\/div>\n\t\t\t\t<\/div>\n\t\t\t\t<section class=\"elementor-section elementor-inner-section elementor-element elementor-element-2b244367 elementor-section-boxed elementor-section-height-default elementor-section-height-default\" data-id=\"2b244367\" data-element_type=\"section\" data-e-type=\"section\">\n\t\t\t\t\t\t<div class=\"elementor-container elementor-column-gap-default\">\n\t\t\t\t\t<div class=\"elementor-column elementor-col-50 elementor-inner-column elementor-element elementor-element-7903d585\" data-id=\"7903d585\" data-element_type=\"column\" data-e-type=\"column\">\n\t\t\t<div class=\"elementor-widget-wrap elementor-element-populated\">\n\t\t\t\t\t\t<div class=\"elementor-element elementor-element-307e7598 elementor-widget elementor-widget-image\" data-id=\"307e7598\" data-element_type=\"widget\" data-e-type=\"widget\" data-widget_type=\"image.default\">\n\t\t\t\t<div class=\"elementor-widget-container\">\n\t\t\t\t\t\t\t\t\t\t\t\t\t\t\t<img decoding=\"async\" width=\"600\" height=\"713\" src=\"https:\/\/ellenwhiteaudio.org\/ro\/wp-content\/uploads\/sites\/9\/2020\/07\/Ellen-G.-White.png\" class=\"attachment-medium_large size-medium_large wp-image-151\" alt=\"\" srcset=\"https:\/\/ellenwhiteaudio.org\/ro\/wp-content\/uploads\/sites\/9\/2020\/07\/Ellen-G.-White.png 600w, https:\/\/ellenwhiteaudio.org\/ro\/wp-content\/uploads\/sites\/9\/2020\/07\/Ellen-G.-White-252x300.png 252w\" sizes=\"(max-width: 600px) 100vw, 600px\" \/>\t\t\t\t\t\t\t\t\t\t\t\t\t\t\t<\/div>\n\t\t\t\t<\/div>\n\t\t\t\t\t<\/div>\n\t\t<\/div>\n\t\t\t\t<div class=\"elementor-column elementor-col-50 elementor-inner-column elementor-element elementor-element-2051e64\" data-id=\"2051e64\" data-element_type=\"column\" data-e-type=\"column\">\n\t\t\t<div class=\"elementor-widget-wrap elementor-element-populated\">\n\t\t\t\t\t\t<div class=\"elementor-element elementor-element-4a4f0599 elementor-widget elementor-widget-heading\" data-id=\"4a4f0599\" data-element_type=\"widget\" data-e-type=\"widget\" data-widget_type=\"heading.default\">\n\t\t\t\t<div class=\"elementor-widget-container\">\n\t\t\t\t\t<h2 class=\"elementor-heading-title elementor-size-default\">C\u0103r\u021bi<\/h2>\t\t\t\t<\/div>\n\t\t\t\t<\/div>\n\t\t\t\t<div class=\"elementor-element elementor-element-24490f44 elementor-grid-1 elementor-posts--thumbnail-none elementor-posts--align-left elementor-grid-tablet-1 elementor-grid-mobile-1 elementor-widget elementor-widget-posts\" data-id=\"24490f44\" data-element_type=\"widget\" data-e-type=\"widget\" data-settings=\"{&quot;classic_columns&quot;:&quot;1&quot;,&quot;classic_row_gap&quot;:{&quot;unit&quot;:&quot;px&quot;,&quot;size&quot;:7,&quot;sizes&quot;:[]},&quot;classic_columns_tablet&quot;:&quot;1&quot;,&quot;classic_columns_mobile&quot;:&quot;1&quot;,&quot;classic_row_gap_tablet&quot;:{&quot;unit&quot;:&quot;px&quot;,&quot;size&quot;:&quot;&quot;,&quot;sizes&quot;:[]},&quot;classic_row_gap_mobile&quot;:{&quot;unit&quot;:&quot;px&quot;,&quot;size&quot;:&quot;&quot;,&quot;sizes&quot;:[]}}\" data-widget_type=\"posts.classic\">\n\t\t\t\t<div class=\"elementor-widget-container\">\n\t\t\t\t\t\t\t<div class=\"elementor-posts-container elementor-posts elementor-posts--skin-classic elementor-grid\" role=\"list\">\n\t\t\t\t<article class=\"elementor-post elementor-grid-item post-14 post type-post status-publish format-standard has-post-thumbnail hentry category-egw-carti app-category-books app-category-ellen-g-white\" role=\"listitem\">\n\t\t\t\t<div class=\"elementor-post__text\">\n\t\t\t\t<h3 class=\"elementor-post__title\">\n\t\t\t<a href=\"https:\/\/ellenwhiteaudio.org\/ro\/adevarul-despre-ingeri\/\" >\n\t\t\t\tAdev\u0103rul despre \u00eengeri\t\t\t<\/a>\n\t\t<\/h3>\n\t\t\t\t<\/div>\n\t\t\t\t<\/article>\n\t\t\t\t<article class=\"elementor-post elementor-grid-item post-9 post type-post status-publish format-standard has-post-thumbnail hentry category-egw-carti app-category-books app-category-ellen-g-white\" role=\"listitem\">\n\t\t\t\t<div class=\"elementor-post__text\">\n\t\t\t\t<h3 class=\"elementor-post__title\">\n\t\t\t<a href=\"https:\/\/ellenwhiteaudio.org\/ro\/calea-catre-hristos\/\" >\n\t\t\t\tCalea c\u0103tre Hristos\t\t\t<\/a>\n\t\t<\/h3>\n\t\t\t\t<\/div>\n\t\t\t\t<\/article>\n\t\t\t\t<article class=\"elementor-post elementor-grid-item post-13 post type-post status-publish format-standard has-post-thumbnail hentry category-egw-carti app-category-books app-category-ellen-g-white\" role=\"listitem\">\n\t\t\t\t<div class=\"elementor-post__text\">\n\t\t\t\t<h3 class=\"elementor-post__title\">\n\t\t\t<a href=\"https:\/\/ellenwhiteaudio.org\/ro\/cugetari-de-pe-muntele-fericirilor\/\" >\n\t\t\t\tCuget\u0103ri de pe muntele fericirilor\t\t\t<\/a>\n\t\t<\/h3>\n\t\t\t\t<\/div>\n\t\t\t\t<\/article>\n\t\t\t\t<article class=\"elementor-post elementor-grid-item post-11 post type-post status-publish format-standard has-post-thumbnail hentry category-egw-carti app-category-books app-category-ellen-g-white\" role=\"listitem\">\n\t\t\t\t<div class=\"elementor-post__text\">\n\t\t\t\t<h3 class=\"elementor-post__title\">\n\t\t\t<a href=\"https:\/\/ellenwhiteaudio.org\/ro\/faptelor-apostolilor\/\" >\n\t\t\t\tFaptelor apostolilor\t\t\t<\/a>\n\t\t<\/h3>\n\t\t\t\t<\/div>\n\t\t\t\t<\/article>\n\t\t\t\t<article class=\"elementor-post elementor-grid-item post-10 post type-post status-publish format-standard has-post-thumbnail hentry category-egw-carti app-category-books app-category-ellen-g-white\" role=\"listitem\">\n\t\t\t\t<div class=\"elementor-post__text\">\n\t\t\t\t<h3 class=\"elementor-post__title\">\n\t\t\t<a href=\"https:\/\/ellenwhiteaudio.org\/ro\/hristos-lumina-lumii\/\" >\n\t\t\t\tHristos lumina lumii\t\t\t<\/a>\n\t\t<\/h3>\n\t\t\t\t<\/div>\n\t\t\t\t<\/article>\n\t\t\t\t<article class=\"elementor-post elementor-grid-item post-27 post type-post status-publish format-standard has-post-thumbnail hentry category-egw-carti app-category-books app-category-ellen-g-white\" role=\"listitem\">\n\t\t\t\t<div class=\"elementor-post__text\">\n\t\t\t\t<h3 class=\"elementor-post__title\">\n\t\t\t<a href=\"https:\/\/ellenwhiteaudio.org\/ro\/istoria-mantuirii\/\" >\n\t\t\t\tIstoria M\u00e2ntuirii\t\t\t<\/a>\n\t\t<\/h3>\n\t\t\t\t<\/div>\n\t\t\t\t<\/article>\n\t\t\t\t<article class=\"elementor-post elementor-grid-item post-12 post type-post status-publish format-standard has-post-thumbnail hentry category-egw-carti app-category-books app-category-ellen-g-white\" role=\"listitem\">\n\t\t\t\t<div class=\"elementor-post__text\">\n\t\t\t\t<h3 class=\"elementor-post__title\">\n\t\t\t<a href=\"https:\/\/ellenwhiteaudio.org\/ro\/sfintirea-vietii\/\" >\n\t\t\t\tSfin\u021birea vie\u021bii\t\t\t<\/a>\n\t\t<\/h3>\n\t\t\t\t<\/div>\n\t\t\t\t<\/article>\n\t\t\t\t<\/div>\n\t\t\n\t\t\t\t\t\t<\/div>\n\t\t\t\t<\/div>\n\t\t\t\t\t<\/div>\n\t\t<\/div>\n\t\t\t\t\t<\/div>\n\t\t<\/section>\n\t\t\t\t\t<\/div>\n\t\t<\/div>\n\t\t\t\t<div class=\"elementor-column elementor-col-50 elementor-top-column elementor-element elementor-element-26811df3\" data-id=\"26811df3\" data-element_type=\"column\" data-e-type=\"column\" data-settings=\"{&quot;background_background&quot;:&quot;classic&quot;}\">\n\t\t\t<div class=\"elementor-widget-wrap elementor-element-populated\">\n\t\t\t\t\t\t<section class=\"elementor-section elementor-inner-section elementor-element elementor-element-71c5ff8 elementor-section-boxed elementor-section-height-default elementor-section-height-default\" data-id=\"71c5ff8\" data-element_type=\"section\" data-e-type=\"section\" data-settings=\"{&quot;background_background&quot;:&quot;classic&quot;}\">\n\t\t\t\t\t\t<div class=\"elementor-container elementor-column-gap-default\">\n\t\t\t\t\t<div class=\"elementor-column elementor-col-100 elementor-inner-column elementor-element elementor-element-543b65bf\" data-id=\"543b65bf\" data-element_type=\"column\" data-e-type=\"column\">\n\t\t\t<div class=\"elementor-widget-wrap elementor-element-populated\">\n\t\t\t\t\t\t<div class=\"elementor-element elementor-element-525ac437 elementor-widget elementor-widget-spacer\" data-id=\"525ac437\" data-element_type=\"widget\" data-e-type=\"widget\" data-widget_type=\"spacer.default\">\n\t\t\t\t<div class=\"elementor-widget-container\">\n\t\t\t\t\t\t\t<div class=\"elementor-spacer\">\n\t\t\t<div class=\"elementor-spacer-inner\"><\/div>\n\t\t<\/div>\n\t\t\t\t\t\t<\/div>\n\t\t\t\t<\/div>\n\t\t\t\t\t<\/div>\n\t\t<\/div>\n\t\t\t\t\t<\/div>\n\t\t<\/section>\n\t\t\t\t<section class=\"elementor-section elementor-inner-section elementor-element elementor-element-46798a3f elementor-section-boxed elementor-section-height-default elementor-section-height-default\" data-id=\"46798a3f\" data-element_type=\"section\" data-e-type=\"section\" data-settings=\"{&quot;background_background&quot;:&quot;classic&quot;}\">\n\t\t\t\t\t\t<div class=\"elementor-container elementor-column-gap-default\">\n\t\t\t\t\t<div class=\"elementor-column elementor-col-100 elementor-inner-column elementor-element elementor-element-1dcf3aef\" data-id=\"1dcf3aef\" data-element_type=\"column\" data-e-type=\"column\">\n\t\t\t<div class=\"elementor-widget-wrap elementor-element-populated\">\n\t\t\t\t\t\t<div class=\"elementor-element elementor-element-2e7d0209 elementor-widget elementor-widget-heading\" data-id=\"2e7d0209\" data-element_type=\"widget\" data-e-type=\"widget\" data-widget_type=\"heading.default\">\n\t\t\t\t<div class=\"elementor-widget-container\">\n\t\t\t\t\t<h2 class=\"elementor-heading-title elementor-size-default\">A\u021bi fost binecuv\u00e2ntat de acest site web?<\/h2>\t\t\t\t<\/div>\n\t\t\t\t<\/div>\n\t\t\t\t<div class=\"elementor-element elementor-element-14915cce elementor-widget elementor-widget-heading\" data-id=\"14915cce\" data-element_type=\"widget\" data-e-type=\"widget\" data-widget_type=\"heading.default\">\n\t\t\t\t<div class=\"elementor-widget-container\">\n\t\t\t\t\t<h2 class=\"elementor-heading-title elementor-size-default\">Ajut\u0103-ne s\u0103 traducem mai multe c\u0103r\u021bi<\/h2>\t\t\t\t<\/div>\n\t\t\t\t<\/div>\n\t\t\t\t<div class=\"elementor-element elementor-element-2a6683bc elementor-button-success elementor-align-center elementor-widget elementor-widget-button\" data-id=\"2a6683bc\" data-element_type=\"widget\" data-e-type=\"widget\" data-widget_type=\"button.default\">\n\t\t\t\t<div class=\"elementor-widget-container\">\n\t\t\t\t\t\t\t\t\t<div class=\"elementor-button-wrapper\">\n\t\t\t\t\t<a class=\"elementor-button elementor-button-link elementor-size-sm\" href=\"https:\/\/ellenwhiteaudio.org\/donate\/\">\n\t\t\t\t\t\t<span class=\"elementor-button-content-wrapper\">\n\t\t\t\t\t\t\t\t\t<span class=\"elementor-button-text\">Doneaz\u0103<\/span>\n\t\t\t\t\t<\/span>\n\t\t\t\t\t<\/a>\n\t\t\t\t<\/div>\n\t\t\t\t\t\t\t\t<\/div>\n\t\t\t\t<\/div>\n\t\t\t\t<div class=\"elementor-element elementor-element-5fbe3c6b elementor-widget-divider--view-line elementor-widget elementor-widget-divider\" data-id=\"5fbe3c6b\" data-element_type=\"widget\" data-e-type=\"widget\" data-widget_type=\"divider.default\">\n\t\t\t\t<div class=\"elementor-widget-container\">\n\t\t\t\t\t\t\t<div class=\"elementor-divider\">\n\t\t\t<span class=\"elementor-divider-separator\">\n\t\t\t\t\t\t<\/span>\n\t\t<\/div>\n\t\t\t\t\t\t<\/div>\n\t\t\t\t<\/div>\n\t\t\t\t<div class=\"elementor-element elementor-element-6a5495dc elementor-widget elementor-widget-heading\" data-id=\"6a5495dc\" data-element_type=\"widget\" data-e-type=\"widget\" data-widget_type=\"heading.default\">\n\t\t\t\t<div class=\"elementor-widget-container\">\n\t\t\t\t\t<h2 class=\"elementor-heading-title elementor-size-default\">Afla\u021bi despre ce se face<\/h2>\t\t\t\t<\/div>\n\t\t\t\t<\/div>\n\t\t\t\t<div class=\"elementor-element elementor-element-3217e470 elementor-button-success elementor-align-justify elementor-widget elementor-widget-button\" data-id=\"3217e470\" data-element_type=\"widget\" data-e-type=\"widget\" data-widget_type=\"button.default\">\n\t\t\t\t<div class=\"elementor-widget-container\">\n\t\t\t\t\t\t\t\t\t<div class=\"elementor-button-wrapper\">\n\t\t\t\t\t<a class=\"elementor-button elementor-button-link elementor-size-sm\" href=\"https:\/\/ellenwhiteaudio.org\/ministry-needs\/\">\n\t\t\t\t\t\t<span class=\"elementor-button-content-wrapper\">\n\t\t\t\t\t\t\t\t\t<span class=\"elementor-button-text\">Nevoile noastre<\/span>\n\t\t\t\t\t<\/span>\n\t\t\t\t\t<\/a>\n\t\t\t\t<\/div>\n\t\t\t\t\t\t\t\t<\/div>\n\t\t\t\t<\/div>\n\t\t\t\t\t<\/div>\n\t\t<\/div>\n\t\t\t\t\t<\/div>\n\t\t<\/section>\n\t\t\t\t\t<\/div>\n\t\t<\/div>\n\t\t\t\t\t<\/div>\n\t\t<\/section>\n\t\t\t\t<\/div>\n\t\t","protected":false},"excerpt":{"rendered":"<p>Ascult\u0103 c\u0103r\u021bile lui Ellene White \u00een audio.<\/p>\n","protected":false},"author":3,"featured_media":46,"parent":0,"menu_order":0,"comment_status":"open","ping_status":"open","template":"","meta":{"dwc-title":[""],"dwc-content":[""],"footnotes":""},"class_list":["post-6","page","type-page","status-publish","has-post-thumbnail","hentry"],"yoast_head":"<!-- This site is optimized with the Yoast SEO plugin v27.4 - https:\/\/yoast.com\/product\/yoast-seo-wordpress\/ -->\n<title>C\u0103r\u021bi audio - Ellen White Audio - Rom\u00e2n\u0103<\/title>\n<meta name=\"robots\" content=\"index, follow, max-snippet:-1, max-image-preview:large, max-video-preview:-1\" \/>\n<link rel=\"canonical\" href=\"https:\/\/ellenwhiteaudio.org\/ro\/\" \/>\n<meta property=\"og:locale\" content=\"en_US\" \/>\n<meta property=\"og:type\" content=\"article\" \/>\n<meta property=\"og:title\" content=\"C\u0103r\u021bi audio - Ellen White Audio - Rom\u00e2n\u0103\" \/>\n<meta property=\"og:description\" content=\"Ascult\u0103 c\u0103r\u021bile lui Ellene White \u00een audio.\" \/>\n<meta property=\"og:url\" content=\"https:\/\/ellenwhiteaudio.org\/ro\/\" \/>\n<meta property=\"og:site_name\" content=\"Ellen White Audio - Rom\u00e2n\u0103\" \/>\n<meta property=\"article:modified_time\" content=\"2020-07-29T18:43:20+00:00\" \/>\n<meta property=\"og:image\" content=\"https:\/\/ellenwhiteaudio.org\/ro\/wp-content\/uploads\/sites\/9\/2020\/04\/Ellen-G.-White.png\" \/>\n\t<meta property=\"og:image:width\" content=\"600\" \/>\n\t<meta property=\"og:image:height\" content=\"713\" \/>\n\t<meta property=\"og:image:type\" content=\"image\/png\" \/>\n<meta name=\"twitter:card\" content=\"summary_large_image\" \/>\n<script type=\"application\/ld+json\" class=\"yoast-schema-graph\">{\"@context\":\"https:\\\/\\\/schema.org\",\"@graph\":[{\"@type\":\"WebPage\",\"@id\":\"https:\\\/\\\/ellenwhiteaudio.org\\\/ro\\\/\",\"url\":\"https:\\\/\\\/ellenwhiteaudio.org\\\/ro\\\/\",\"name\":\"C\u0103r\u021bi audio - Ellen White Audio - Rom\u00e2n\u0103\",\"isPartOf\":{\"@id\":\"https:\\\/\\\/ellenwhiteaudio.org\\\/ro\\\/#website\"},\"primaryImageOfPage\":{\"@id\":\"https:\\\/\\\/ellenwhiteaudio.org\\\/ro\\\/#primaryimage\"},\"image\":{\"@id\":\"https:\\\/\\\/ellenwhiteaudio.org\\\/ro\\\/#primaryimage\"},\"thumbnailUrl\":\"https:\\\/\\\/ellenwhiteaudio.org\\\/ro\\\/wp-content\\\/uploads\\\/sites\\\/9\\\/2020\\\/04\\\/Ellen-G.-White.png\",\"datePublished\":\"2013-08-15T23:56:33+00:00\",\"dateModified\":\"2020-07-29T18:43:20+00:00\",\"breadcrumb\":{\"@id\":\"https:\\\/\\\/ellenwhiteaudio.org\\\/ro\\\/#breadcrumb\"},\"inLanguage\":\"en-US\",\"potentialAction\":[{\"@type\":\"ReadAction\",\"target\":[\"https:\\\/\\\/ellenwhiteaudio.org\\\/ro\\\/\"]}]},{\"@type\":\"ImageObject\",\"inLanguage\":\"en-US\",\"@id\":\"https:\\\/\\\/ellenwhiteaudio.org\\\/ro\\\/#primaryimage\",\"url\":\"https:\\\/\\\/ellenwhiteaudio.org\\\/ro\\\/wp-content\\\/uploads\\\/sites\\\/9\\\/2020\\\/04\\\/Ellen-G.-White.png\",\"contentUrl\":\"https:\\\/\\\/ellenwhiteaudio.org\\\/ro\\\/wp-content\\\/uploads\\\/sites\\\/9\\\/2020\\\/04\\\/Ellen-G.-White.png\",\"width\":600,\"height\":713},{\"@type\":\"BreadcrumbList\",\"@id\":\"https:\\\/\\\/ellenwhiteaudio.org\\\/ro\\\/#breadcrumb\",\"itemListElement\":[{\"@type\":\"ListItem\",\"position\":1,\"name\":\"Home\",\"item\":\"https:\\\/\\\/ellenwhiteaudio.org\\\/ro\\\/\"},{\"@type\":\"ListItem\",\"position\":2,\"name\":\"C\u0103r\u021bi audio\"}]},{\"@type\":\"WebSite\",\"@id\":\"https:\\\/\\\/ellenwhiteaudio.org\\\/ro\\\/#website\",\"url\":\"https:\\\/\\\/ellenwhiteaudio.org\\\/ro\\\/\",\"name\":\"Ellen White Audio - Rom\u00e2n\u0103\",\"description\":\"C\u0103r\u021bi \u00een audio\",\"potentialAction\":[{\"@type\":\"SearchAction\",\"target\":{\"@type\":\"EntryPoint\",\"urlTemplate\":\"https:\\\/\\\/ellenwhiteaudio.org\\\/ro\\\/?s={search_term_string}\"},\"query-input\":{\"@type\":\"PropertyValueSpecification\",\"valueRequired\":true,\"valueName\":\"search_term_string\"}}],\"inLanguage\":\"en-US\"}]}<\/script>\n<!-- \/ Yoast SEO plugin. -->","yoast_head_json":{"title":"C\u0103r\u021bi audio - Ellen White Audio - Rom\u00e2n\u0103","robots":{"index":"index","follow":"follow","max-snippet":"max-snippet:-1","max-image-preview":"max-image-preview:large","max-video-preview":"max-video-preview:-1"},"canonical":"https:\/\/ellenwhiteaudio.org\/ro\/","og_locale":"en_US","og_type":"article","og_title":"C\u0103r\u021bi audio - Ellen White Audio - Rom\u00e2n\u0103","og_description":"Ascult\u0103 c\u0103r\u021bile lui Ellene White \u00een audio.","og_url":"https:\/\/ellenwhiteaudio.org\/ro\/","og_site_name":"Ellen White Audio - Rom\u00e2n\u0103","article_modified_time":"2020-07-29T18:43:20+00:00","og_image":[{"width":600,"height":713,"url":"https:\/\/ellenwhiteaudio.org\/ro\/wp-content\/uploads\/sites\/9\/2020\/04\/Ellen-G.-White.png","type":"image\/png"}],"twitter_card":"summary_large_image","schema":{"@context":"https:\/\/schema.org","@graph":[{"@type":"WebPage","@id":"https:\/\/ellenwhiteaudio.org\/ro\/","url":"https:\/\/ellenwhiteaudio.org\/ro\/","name":"C\u0103r\u021bi audio - Ellen White Audio - Rom\u00e2n\u0103","isPartOf":{"@id":"https:\/\/ellenwhiteaudio.org\/ro\/#website"},"primaryImageOfPage":{"@id":"https:\/\/ellenwhiteaudio.org\/ro\/#primaryimage"},"image":{"@id":"https:\/\/ellenwhiteaudio.org\/ro\/#primaryimage"},"thumbnailUrl":"https:\/\/ellenwhiteaudio.org\/ro\/wp-content\/uploads\/sites\/9\/2020\/04\/Ellen-G.-White.png","datePublished":"2013-08-15T23:56:33+00:00","dateModified":"2020-07-29T18:43:20+00:00","breadcrumb":{"@id":"https:\/\/ellenwhiteaudio.org\/ro\/#breadcrumb"},"inLanguage":"en-US","potentialAction":[{"@type":"ReadAction","target":["https:\/\/ellenwhiteaudio.org\/ro\/"]}]},{"@type":"ImageObject","inLanguage":"en-US","@id":"https:\/\/ellenwhiteaudio.org\/ro\/#primaryimage","url":"https:\/\/ellenwhiteaudio.org\/ro\/wp-content\/uploads\/sites\/9\/2020\/04\/Ellen-G.-White.png","contentUrl":"https:\/\/ellenwhiteaudio.org\/ro\/wp-content\/uploads\/sites\/9\/2020\/04\/Ellen-G.-White.png","width":600,"height":713},{"@type":"BreadcrumbList","@id":"https:\/\/ellenwhiteaudio.org\/ro\/#breadcrumb","itemListElement":[{"@type":"ListItem","position":1,"name":"Home","item":"https:\/\/ellenwhiteaudio.org\/ro\/"},{"@type":"ListItem","position":2,"name":"C\u0103r\u021bi audio"}]},{"@type":"WebSite","@id":"https:\/\/ellenwhiteaudio.org\/ro\/#website","url":"https:\/\/ellenwhiteaudio.org\/ro\/","name":"Ellen White Audio - Rom\u00e2n\u0103","description":"C\u0103r\u021bi \u00een audio","potentialAction":[{"@type":"SearchAction","target":{"@type":"EntryPoint","urlTemplate":"https:\/\/ellenwhiteaudio.org\/ro\/?s={search_term_string}"},"query-input":{"@type":"PropertyValueSpecification","valueRequired":true,"valueName":"search_term_string"}}],"inLanguage":"en-US"}]}},"_links":{"self":[{"href":"https:\/\/ellenwhiteaudio.org\/ro\/wp-json\/wp\/v2\/pages\/6","targetHints":{"allow":["GET"]}}],"collection":[{"href":"https:\/\/ellenwhiteaudio.org\/ro\/wp-json\/wp\/v2\/pages"}],"about":[{"href":"https:\/\/ellenwhiteaudio.org\/ro\/wp-json\/wp\/v2\/types\/page"}],"author":[{"embeddable":true,"href":"https:\/\/ellenwhiteaudio.org\/ro\/wp-json\/wp\/v2\/users\/3"}],"replies":[{"embeddable":true,"href":"https:\/\/ellenwhiteaudio.org\/ro\/wp-json\/wp\/v2\/comments?post=6"}],"version-history":[{"count":5,"href":"https:\/\/ellenwhiteaudio.org\/ro\/wp-json\/wp\/v2\/pages\/6\/revisions"}],"predecessor-version":[{"id":163,"href":"https:\/\/ellenwhiteaudio.org\/ro\/wp-json\/wp\/v2\/pages\/6\/revisions\/163"}],"wp:featuredmedia":[{"embeddable":true,"href":"https:\/\/ellenwhiteaudio.org\/ro\/wp-json\/wp\/v2\/media\/46"}],"wp:attachment":[{"href":"https:\/\/ellenwhiteaudio.org\/ro\/wp-json\/wp\/v2\/media?parent=6"}],"curies":[{"name":"wp","href":"https:\/\/api.w.org\/{rel}","templated":true}]}}