{"id":547,"date":"2019-09-29T12:02:40","date_gmt":"2019-09-29T15:02:40","guid":{"rendered":"https:\/\/ellenwhiteaudio.org\/pt\/?page_id=547"},"modified":"2020-09-22T10:37:36","modified_gmt":"2020-09-22T13:37:36","slug":"recursos","status":"publish","type":"page","link":"https:\/\/ellenwhiteaudio.org\/pt\/recursos\/","title":{"rendered":"Recursos"},"content":{"rendered":"<h3 style=\"text-align: center;\"><a href=\"https:\/\/ellenwhiteaudio.org\/pt\/recursos\/sermoes\/\">Serm\u00f5es<\/a><\/h3>\n<h3 style=\"text-align: center;\"><a href=\"https:\/\/ellenwhiteaudio.org\/pt\/recursos\/linhas-do-tempo\/\">Linhas do Tempo<\/a><\/h3>\n<h3 style=\"text-align: center;\"><a href=\"https:\/\/ellenwhiteaudio.org\/pt\/aplicativos-2\/\">Aplicativos<\/a><\/h3>\n<h3 style=\"text-align: center;\"><a href=\"https:\/\/ellenwhiteaudio.org\/pt\/cancoes-biblicas\/\">Can\u00e7\u00f5es B\u00edblicas<\/a><\/h3>\n","protected":false},"excerpt":{"rendered":"<p>Serm\u00f5es Linhas do Tempo Aplicativos Can\u00e7\u00f5es B\u00edblicas<\/p>\n","protected":false},"author":3,"featured_media":0,"parent":0,"menu_order":0,"comment_status":"closed","ping_status":"closed","template":"","meta":{"dwc-title":[""],"dwc-content":[""],"dwc-title-2":[""],"dwc-content-2":[""],"dwc-title-3":[""],"dwc-content-3":[""],"footnotes":""},"class_list":["post-547","page","type-page","status-publish","hentry"],"yoast_head":"<!-- This site is optimized with the Yoast SEO plugin v27.3 - https:\/\/yoast.com\/product\/yoast-seo-wordpress\/ -->\n<title>Recursos - Ellen White Audio - Portugu\u00eas<\/title>\n<meta name=\"robots\" content=\"index, follow, max-snippet:-1, max-image-preview:large, max-video-preview:-1\" \/>\n<link rel=\"canonical\" href=\"https:\/\/ellenwhiteaudio.org\/pt\/recursos\/\" \/>\n<meta property=\"og:locale\" content=\"en_US\" \/>\n<meta property=\"og:type\" content=\"article\" \/>\n<meta property=\"og:title\" content=\"Recursos - Ellen White Audio - Portugu\u00eas\" \/>\n<meta property=\"og:description\" content=\"Serm\u00f5es Linhas do Tempo Aplicativos Can\u00e7\u00f5es B\u00edblicas\" \/>\n<meta property=\"og:url\" content=\"https:\/\/ellenwhiteaudio.org\/pt\/recursos\/\" \/>\n<meta property=\"og:site_name\" content=\"Ellen White Audio - Portugu\u00eas\" \/>\n<meta property=\"article:publisher\" content=\"https:\/\/www.facebook.com\/EllenWhiteAudioPT\/\" \/>\n<meta property=\"article:modified_time\" content=\"2020-09-22T13:37:36+00:00\" \/>\n<meta name=\"twitter:card\" content=\"summary_large_image\" \/>\n<meta name=\"twitter:site\" content=\"@ellenwhiteaudio\" \/>\n<script type=\"application\/ld+json\" class=\"yoast-schema-graph\">{\"@context\":\"https:\\\/\\\/schema.org\",\"@graph\":[{\"@type\":\"WebPage\",\"@id\":\"https:\\\/\\\/ellenwhiteaudio.org\\\/pt\\\/recursos\\\/\",\"url\":\"https:\\\/\\\/ellenwhiteaudio.org\\\/pt\\\/recursos\\\/\",\"name\":\"Recursos - Ellen White Audio - Portugu\u00eas\",\"isPartOf\":{\"@id\":\"https:\\\/\\\/ellenwhiteaudio.org\\\/pt\\\/#website\"},\"datePublished\":\"2019-09-29T15:02:40+00:00\",\"dateModified\":\"2020-09-22T13:37:36+00:00\",\"breadcrumb\":{\"@id\":\"https:\\\/\\\/ellenwhiteaudio.org\\\/pt\\\/recursos\\\/#breadcrumb\"},\"inLanguage\":\"en-US\",\"potentialAction\":[{\"@type\":\"ReadAction\",\"target\":[\"https:\\\/\\\/ellenwhiteaudio.org\\\/pt\\\/recursos\\\/\"]}]},{\"@type\":\"BreadcrumbList\",\"@id\":\"https:\\\/\\\/ellenwhiteaudio.org\\\/pt\\\/recursos\\\/#breadcrumb\",\"itemListElement\":[{\"@type\":\"ListItem\",\"position\":1,\"name\":\"Home\",\"item\":\"https:\\\/\\\/ellenwhiteaudio.org\\\/pt\\\/\"},{\"@type\":\"ListItem\",\"position\":2,\"name\":\"Recursos\"}]},{\"@type\":\"WebSite\",\"@id\":\"https:\\\/\\\/ellenwhiteaudio.org\\\/pt\\\/#website\",\"url\":\"https:\\\/\\\/ellenwhiteaudio.org\\\/pt\\\/\",\"name\":\"Ellen White Audio - Portugu\u00eas\",\"description\":\"Livros de Ellen White em \u00e1udio\",\"publisher\":{\"@id\":\"https:\\\/\\\/ellenwhiteaudio.org\\\/pt\\\/#organization\"},\"potentialAction\":[{\"@type\":\"SearchAction\",\"target\":{\"@type\":\"EntryPoint\",\"urlTemplate\":\"https:\\\/\\\/ellenwhiteaudio.org\\\/pt\\\/?s={search_term_string}\"},\"query-input\":{\"@type\":\"PropertyValueSpecification\",\"valueRequired\":true,\"valueName\":\"search_term_string\"}}],\"inLanguage\":\"en-US\"},{\"@type\":\"Organization\",\"@id\":\"https:\\\/\\\/ellenwhiteaudio.org\\\/pt\\\/#organization\",\"name\":\"Ellen White Audio - Portugu\u00eas\",\"url\":\"https:\\\/\\\/ellenwhiteaudio.org\\\/pt\\\/\",\"logo\":{\"@type\":\"ImageObject\",\"inLanguage\":\"en-US\",\"@id\":\"https:\\\/\\\/ellenwhiteaudio.org\\\/pt\\\/#\\\/schema\\\/logo\\\/image\\\/\",\"url\":\"https:\\\/\\\/ellenwhiteaudio.org\\\/pt\\\/wp-content\\\/uploads\\\/sites\\\/2\\\/2025\\\/02\\\/EGWaudio-Logo-colored-circle-blue-yellow-white-smaller.png\",\"contentUrl\":\"https:\\\/\\\/ellenwhiteaudio.org\\\/pt\\\/wp-content\\\/uploads\\\/sites\\\/2\\\/2025\\\/02\\\/EGWaudio-Logo-colored-circle-blue-yellow-white-smaller.png\",\"width\":444,\"height\":444,\"caption\":\"Ellen White Audio - Portugu\u00eas\"},\"image\":{\"@id\":\"https:\\\/\\\/ellenwhiteaudio.org\\\/pt\\\/#\\\/schema\\\/logo\\\/image\\\/\"},\"sameAs\":[\"https:\\\/\\\/www.facebook.com\\\/EllenWhiteAudioPT\\\/\",\"https:\\\/\\\/x.com\\\/ellenwhiteaudio\",\"https:\\\/\\\/www.youtube.com\\\/@EllenWhiteAudioPortugu\u00eas\",\"https:\\\/\\\/www.instagram.com\\\/ellenwhiteaudiopt\\\/\"]}]}<\/script>\n<!-- \/ Yoast SEO plugin. -->","yoast_head_json":{"title":"Recursos - Ellen White Audio - Portugu\u00eas","robots":{"index":"index","follow":"follow","max-snippet":"max-snippet:-1","max-image-preview":"max-image-preview:large","max-video-preview":"max-video-preview:-1"},"canonical":"https:\/\/ellenwhiteaudio.org\/pt\/recursos\/","og_locale":"en_US","og_type":"article","og_title":"Recursos - Ellen White Audio - Portugu\u00eas","og_description":"Serm\u00f5es Linhas do Tempo Aplicativos Can\u00e7\u00f5es B\u00edblicas","og_url":"https:\/\/ellenwhiteaudio.org\/pt\/recursos\/","og_site_name":"Ellen White Audio - Portugu\u00eas","article_publisher":"https:\/\/www.facebook.com\/EllenWhiteAudioPT\/","article_modified_time":"2020-09-22T13:37:36+00:00","twitter_card":"summary_large_image","twitter_site":"@ellenwhiteaudio","schema":{"@context":"https:\/\/schema.org","@graph":[{"@type":"WebPage","@id":"https:\/\/ellenwhiteaudio.org\/pt\/recursos\/","url":"https:\/\/ellenwhiteaudio.org\/pt\/recursos\/","name":"Recursos - Ellen White Audio - Portugu\u00eas","isPartOf":{"@id":"https:\/\/ellenwhiteaudio.org\/pt\/#website"},"datePublished":"2019-09-29T15:02:40+00:00","dateModified":"2020-09-22T13:37:36+00:00","breadcrumb":{"@id":"https:\/\/ellenwhiteaudio.org\/pt\/recursos\/#breadcrumb"},"inLanguage":"en-US","potentialAction":[{"@type":"ReadAction","target":["https:\/\/ellenwhiteaudio.org\/pt\/recursos\/"]}]},{"@type":"BreadcrumbList","@id":"https:\/\/ellenwhiteaudio.org\/pt\/recursos\/#breadcrumb","itemListElement":[{"@type":"ListItem","position":1,"name":"Home","item":"https:\/\/ellenwhiteaudio.org\/pt\/"},{"@type":"ListItem","position":2,"name":"Recursos"}]},{"@type":"WebSite","@id":"https:\/\/ellenwhiteaudio.org\/pt\/#website","url":"https:\/\/ellenwhiteaudio.org\/pt\/","name":"Ellen White Audio - Portugu\u00eas","description":"Livros de Ellen White em \u00e1udio","publisher":{"@id":"https:\/\/ellenwhiteaudio.org\/pt\/#organization"},"potentialAction":[{"@type":"SearchAction","target":{"@type":"EntryPoint","urlTemplate":"https:\/\/ellenwhiteaudio.org\/pt\/?s={search_term_string}"},"query-input":{"@type":"PropertyValueSpecification","valueRequired":true,"valueName":"search_term_string"}}],"inLanguage":"en-US"},{"@type":"Organization","@id":"https:\/\/ellenwhiteaudio.org\/pt\/#organization","name":"Ellen White Audio - Portugu\u00eas","url":"https:\/\/ellenwhiteaudio.org\/pt\/","logo":{"@type":"ImageObject","inLanguage":"en-US","@id":"https:\/\/ellenwhiteaudio.org\/pt\/#\/schema\/logo\/image\/","url":"https:\/\/ellenwhiteaudio.org\/pt\/wp-content\/uploads\/sites\/2\/2025\/02\/EGWaudio-Logo-colored-circle-blue-yellow-white-smaller.png","contentUrl":"https:\/\/ellenwhiteaudio.org\/pt\/wp-content\/uploads\/sites\/2\/2025\/02\/EGWaudio-Logo-colored-circle-blue-yellow-white-smaller.png","width":444,"height":444,"caption":"Ellen White Audio - Portugu\u00eas"},"image":{"@id":"https:\/\/ellenwhiteaudio.org\/pt\/#\/schema\/logo\/image\/"},"sameAs":["https:\/\/www.facebook.com\/EllenWhiteAudioPT\/","https:\/\/x.com\/ellenwhiteaudio","https:\/\/www.youtube.com\/@EllenWhiteAudioPortugu\u00eas","https:\/\/www.instagram.com\/ellenwhiteaudiopt\/"]}]}},"_links":{"self":[{"href":"https:\/\/ellenwhiteaudio.org\/pt\/wp-json\/wp\/v2\/pages\/547","targetHints":{"allow":["GET"]}}],"collection":[{"href":"https:\/\/ellenwhiteaudio.org\/pt\/wp-json\/wp\/v2\/pages"}],"about":[{"href":"https:\/\/ellenwhiteaudio.org\/pt\/wp-json\/wp\/v2\/types\/page"}],"author":[{"embeddable":true,"href":"https:\/\/ellenwhiteaudio.org\/pt\/wp-json\/wp\/v2\/users\/3"}],"replies":[{"embeddable":true,"href":"https:\/\/ellenwhiteaudio.org\/pt\/wp-json\/wp\/v2\/comments?post=547"}],"version-history":[{"count":5,"href":"https:\/\/ellenwhiteaudio.org\/pt\/wp-json\/wp\/v2\/pages\/547\/revisions"}],"predecessor-version":[{"id":1152,"href":"https:\/\/ellenwhiteaudio.org\/pt\/wp-json\/wp\/v2\/pages\/547\/revisions\/1152"}],"wp:attachment":[{"href":"https:\/\/ellenwhiteaudio.org\/pt\/wp-json\/wp\/v2\/media?parent=547"}],"curies":[{"name":"wp","href":"https:\/\/api.w.org\/{rel}","templated":true}]}}