{"id":414,"date":"2016-04-19T17:34:59","date_gmt":"2016-04-19T17:34:59","guid":{"rendered":"http:\/\/ellenwhiteaudio.org\/pt\/?page_id=414"},"modified":"2016-05-16T17:54:41","modified_gmt":"2016-05-16T20:54:41","slug":"o-omega-emergente","status":"publish","type":"page","link":"https:\/\/ellenwhiteaudio.org\/pt\/o-omega-emergente\/","title":{"rendered":"O \u00d4mega Emergente"},"content":{"rendered":"<p>Por que mudan\u00e7as t\u00e3o marcantes t\u00eam acontecido nestes \u00faltimos anos nas igrejas protestantes? A\u00a0m\u00fasica, a ora\u00e7\u00e3o, o culto, o evangelismo, etc?<\/p>\n<p>Veja o que est\u00e1 por detr\u00e1s\u00a0dos bastidores, e quais os ataques que o inimigo das almas tem preparado para enganar ao povo remanescente de Deus. Veja os seguintes textos:<\/p>\n<blockquote><p>&#8220;Muitas ora\u00e7\u00f5es s\u00e3o feitas sem f\u00e9. Emprega-se determinada forma de palavras, mas n\u00e3o h\u00e1 real insist\u00eancia. Essas ora\u00e7\u00f5es s\u00e3o duvidosas, hesitantes; n\u00e3o trazem al\u00edvio aos que as fazem, nem conforto ou esperan\u00e7a aos outros. Emprega-se a forma da ora\u00e7\u00e3o, mas falta o esp\u00edrito, mostrando que o suplicante n\u00e3o sente sua necessidade.&#8221; {EGW, Nossa Alta Voca\u00e7\u00e3o, p. 125.7}<\/p>\n<p>&#8220;Aprendei a orar breve e direto ao ponto, pedindo justo aquilo que necessitais. Aprendei a orar em voz alta onde apenas Deus vos pode ouvir. N\u00e3o fa\u00e7ais ora\u00e7\u00f5es insinceras, mas sentidas, fervorosas, que exprimam a fome da alma, quanto ao P\u00e3o da Vida.&#8221; {EGW, Nossa Alta Voca\u00e7\u00e3o, p. 126.1}<\/p>\n<p>&#8220;Clamai a Deus em sinceridade, com fome de alma. Lutai com os poderes celestes at\u00e9 que alcanceis a vit\u00f3ria. Ponde todo o vosso ser nas m\u00e3os do Senhor, alma, corpo e esp\u00edrito, e decidi ser instrumentos vivos, consagrados Seus, movidos por Sua vontade, regidos por Sua mente, possu\u00eddos por Seu Esp\u00edrito. \u2014 Filhos e Filhas de Deus, 105 (Medita\u00e7\u00f5es Matinais, 1956).&#8221; {EGW, Nossa Alta Voca\u00e7\u00e3o, p. 127.1}<\/p>\n<p>&#8220;Contai a Jesus vossas necessidades na sinceridade de vossa alma. N\u00e3o se exige de v\u00f3s que entretenhais longo debate com Deus ou Lhe pregueis um serm\u00e3o, mas com o cora\u00e7\u00e3o aflito pelos vossos pecados, dizei: &#8216;Salva-me, Senhor, sen\u00e3o pere\u00e7o.&#8217; H\u00e1 esperan\u00e7a para tais pessoas. Elas buscar\u00e3o, pedir\u00e3o, bater\u00e3o, e encontrar\u00e3o. Quando Jesus houver tirado o fardo do pecado que est\u00e1 esmagando a pessoa, experimentareis a bem-aventuran\u00e7a da paz com Deus.&#8221; \u2014 Manuscrito 29, 1896. {EGW, Nossa Alta Voca\u00e7\u00e3o, p. 127.2}<\/p><\/blockquote>\n<p>&nbsp;<\/p>\n<hr \/>\n<h2 style=\"text-align: center;\">Um alerta ao povo de Deus<\/h2>\n<h4>Os enganos da ora\u00e7\u00e3o contemplativa<\/h4>\n<p><iframe src=\"https:\/\/www.youtube.com\/embed\/af3hZqpvRBc\" width=\"560\" height=\"315\" frameborder=\"0\" allowfullscreen=\"allowfullscreen\"><\/iframe><\/p>\n<hr \/>\n<h4>A Igreja Emergente e a Profecia &#8211; Parte 1<\/h4>\n<p><iframe src=\"https:\/\/www.youtube.com\/embed\/aH3R_ugG3WM\" width=\"560\" height=\"315\" frameborder=\"0\" allowfullscreen=\"allowfullscreen\"><\/iframe><\/p>\n<hr \/>\n<h4>A Igreja Emergente e a Profecia &#8211; Parte 2<\/h4>\n<p><iframe src=\"https:\/\/www.youtube.com\/embed\/-CQXQUAGfbA\" width=\"560\" height=\"315\" frameborder=\"0\" allowfullscreen=\"allowfullscreen\"><\/iframe><\/p>\n<hr \/>\n<h4>Os Jesu\u00edtas e a Contra-Reforma &#8211; V\u00eddeo 1<\/h4>\n<p><iframe src=\"https:\/\/www.youtube.com\/embed\/6v4-xD-cfRI\" width=\"420\" height=\"315\" frameborder=\"0\" allowfullscreen=\"allowfullscreen\"><\/iframe><\/p>\n<hr \/>\n<h4>Os Jesu\u00edtas e a Contra-Reforma &#8211; V\u00eddeo 2<\/h4>\n<p><iframe src=\"https:\/\/www.youtube.com\/embed\/cW-kdZoORhY\" width=\"420\" height=\"315\" frameborder=\"0\" allowfullscreen=\"allowfullscreen\"><\/iframe><\/p>\n<hr \/>\n<h4>\u00d4mega Emergente &#8211; V\u00eddeo 1<\/h4>\n<p><iframe src=\"https:\/\/www.youtube.com\/embed\/KEV3ynSIkis\" width=\"560\" height=\"315\" frameborder=\"0\" allowfullscreen=\"allowfullscreen\"><\/iframe><\/p>\n<hr \/>\n<h4>\u00d4mega Emergente &#8211; V\u00eddeo 2<\/h4>\n<p><iframe src=\"https:\/\/www.youtube.com\/embed\/h_ur8dZ9Tyk\" width=\"560\" height=\"315\" frameborder=\"0\" allowfullscreen=\"allowfullscreen\"><\/iframe><\/p>\n<hr \/>\n<p>&#8220;Em breve mais materiais&#8230;&#8221;<\/p>\n","protected":false},"excerpt":{"rendered":"<p>Por que mudan\u00e7as t\u00e3o marcantes t\u00eam acontecido nestes \u00faltimos anos nas igrejas protestantes? A\u00a0m\u00fasica, a ora\u00e7\u00e3o, o culto, o evangelismo, etc? Veja o que est\u00e1 por detr\u00e1s\u00a0dos bastidores, e quais os ataques que o inimigo das almas tem preparado para enganar ao povo remanescente de Deus. Veja os seguintes textos: &#8220;Muitas ora\u00e7\u00f5es s\u00e3o feitas sem [&hellip;]<\/p>\n","protected":false},"author":3,"featured_media":0,"parent":0,"menu_order":0,"comment_status":"closed","ping_status":"closed","template":"","meta":{"dwc-title":[],"dwc-content":[],"dwc-title-2":[],"dwc-content-2":[],"dwc-title-3":[],"dwc-content-3":[],"footnotes":""},"class_list":["post-414","page","type-page","status-publish","hentry"],"yoast_head":"<!-- This site is optimized with the Yoast SEO plugin v27.4 - https:\/\/yoast.com\/product\/yoast-seo-wordpress\/ -->\n<title>O \u00d4mega Emergente - Ellen White Audio - Portugu\u00eas<\/title>\n<meta name=\"robots\" content=\"index, follow, max-snippet:-1, max-image-preview:large, max-video-preview:-1\" \/>\n<link rel=\"canonical\" href=\"https:\/\/ellenwhiteaudio.org\/pt\/o-omega-emergente\/\" \/>\n<meta property=\"og:locale\" content=\"en_US\" \/>\n<meta property=\"og:type\" content=\"article\" \/>\n<meta property=\"og:title\" content=\"O \u00d4mega Emergente - Ellen White Audio - Portugu\u00eas\" \/>\n<meta property=\"og:description\" content=\"Por que mudan\u00e7as t\u00e3o marcantes t\u00eam acontecido nestes \u00faltimos anos nas igrejas protestantes? A\u00a0m\u00fasica, a ora\u00e7\u00e3o, o culto, o evangelismo, etc? Veja o que est\u00e1 por detr\u00e1s\u00a0dos bastidores, e quais os ataques que o inimigo das almas tem preparado para enganar ao povo remanescente de Deus. Veja os seguintes textos: &#8220;Muitas ora\u00e7\u00f5es s\u00e3o feitas sem [&hellip;]\" \/>\n<meta property=\"og:url\" content=\"https:\/\/ellenwhiteaudio.org\/pt\/o-omega-emergente\/\" \/>\n<meta property=\"og:site_name\" content=\"Ellen White Audio - Portugu\u00eas\" \/>\n<meta property=\"article:publisher\" content=\"https:\/\/www.facebook.com\/EllenWhiteAudioPT\/\" \/>\n<meta property=\"article:modified_time\" content=\"2016-05-16T20:54:41+00:00\" \/>\n<meta name=\"twitter:card\" content=\"summary_large_image\" \/>\n<meta name=\"twitter:site\" content=\"@ellenwhiteaudio\" \/>\n<meta name=\"twitter:label1\" content=\"Est. reading time\" \/>\n\t<meta name=\"twitter:data1\" content=\"2 minutes\" \/>\n<script type=\"application\/ld+json\" class=\"yoast-schema-graph\">{\"@context\":\"https:\\\/\\\/schema.org\",\"@graph\":[{\"@type\":\"WebPage\",\"@id\":\"https:\\\/\\\/ellenwhiteaudio.org\\\/pt\\\/o-omega-emergente\\\/\",\"url\":\"https:\\\/\\\/ellenwhiteaudio.org\\\/pt\\\/o-omega-emergente\\\/\",\"name\":\"O \u00d4mega Emergente - Ellen White Audio - Portugu\u00eas\",\"isPartOf\":{\"@id\":\"https:\\\/\\\/ellenwhiteaudio.org\\\/pt\\\/#website\"},\"datePublished\":\"2016-04-19T17:34:59+00:00\",\"dateModified\":\"2016-05-16T20:54:41+00:00\",\"breadcrumb\":{\"@id\":\"https:\\\/\\\/ellenwhiteaudio.org\\\/pt\\\/o-omega-emergente\\\/#breadcrumb\"},\"inLanguage\":\"en-US\",\"potentialAction\":[{\"@type\":\"ReadAction\",\"target\":[\"https:\\\/\\\/ellenwhiteaudio.org\\\/pt\\\/o-omega-emergente\\\/\"]}]},{\"@type\":\"BreadcrumbList\",\"@id\":\"https:\\\/\\\/ellenwhiteaudio.org\\\/pt\\\/o-omega-emergente\\\/#breadcrumb\",\"itemListElement\":[{\"@type\":\"ListItem\",\"position\":1,\"name\":\"Home\",\"item\":\"https:\\\/\\\/ellenwhiteaudio.org\\\/pt\\\/\"},{\"@type\":\"ListItem\",\"position\":2,\"name\":\"O \u00d4mega Emergente\"}]},{\"@type\":\"WebSite\",\"@id\":\"https:\\\/\\\/ellenwhiteaudio.org\\\/pt\\\/#website\",\"url\":\"https:\\\/\\\/ellenwhiteaudio.org\\\/pt\\\/\",\"name\":\"Ellen White Audio - Portugu\u00eas\",\"description\":\"Livros de Ellen White em \u00e1udio\",\"publisher\":{\"@id\":\"https:\\\/\\\/ellenwhiteaudio.org\\\/pt\\\/#organization\"},\"potentialAction\":[{\"@type\":\"SearchAction\",\"target\":{\"@type\":\"EntryPoint\",\"urlTemplate\":\"https:\\\/\\\/ellenwhiteaudio.org\\\/pt\\\/?s={search_term_string}\"},\"query-input\":{\"@type\":\"PropertyValueSpecification\",\"valueRequired\":true,\"valueName\":\"search_term_string\"}}],\"inLanguage\":\"en-US\"},{\"@type\":\"Organization\",\"@id\":\"https:\\\/\\\/ellenwhiteaudio.org\\\/pt\\\/#organization\",\"name\":\"Ellen White Audio - Portugu\u00eas\",\"url\":\"https:\\\/\\\/ellenwhiteaudio.org\\\/pt\\\/\",\"logo\":{\"@type\":\"ImageObject\",\"inLanguage\":\"en-US\",\"@id\":\"https:\\\/\\\/ellenwhiteaudio.org\\\/pt\\\/#\\\/schema\\\/logo\\\/image\\\/\",\"url\":\"https:\\\/\\\/ellenwhiteaudio.org\\\/pt\\\/wp-content\\\/uploads\\\/sites\\\/2\\\/2025\\\/02\\\/EGWaudio-Logo-colored-circle-blue-yellow-white-smaller.png\",\"contentUrl\":\"https:\\\/\\\/ellenwhiteaudio.org\\\/pt\\\/wp-content\\\/uploads\\\/sites\\\/2\\\/2025\\\/02\\\/EGWaudio-Logo-colored-circle-blue-yellow-white-smaller.png\",\"width\":444,\"height\":444,\"caption\":\"Ellen White Audio - Portugu\u00eas\"},\"image\":{\"@id\":\"https:\\\/\\\/ellenwhiteaudio.org\\\/pt\\\/#\\\/schema\\\/logo\\\/image\\\/\"},\"sameAs\":[\"https:\\\/\\\/www.facebook.com\\\/EllenWhiteAudioPT\\\/\",\"https:\\\/\\\/x.com\\\/ellenwhiteaudio\",\"https:\\\/\\\/www.youtube.com\\\/@EllenWhiteAudioPortugu\u00eas\",\"https:\\\/\\\/www.instagram.com\\\/ellenwhiteaudiopt\\\/\"]}]}<\/script>\n<!-- \/ Yoast SEO plugin. -->","yoast_head_json":{"title":"O \u00d4mega Emergente - Ellen White Audio - Portugu\u00eas","robots":{"index":"index","follow":"follow","max-snippet":"max-snippet:-1","max-image-preview":"max-image-preview:large","max-video-preview":"max-video-preview:-1"},"canonical":"https:\/\/ellenwhiteaudio.org\/pt\/o-omega-emergente\/","og_locale":"en_US","og_type":"article","og_title":"O \u00d4mega Emergente - Ellen White Audio - Portugu\u00eas","og_description":"Por que mudan\u00e7as t\u00e3o marcantes t\u00eam acontecido nestes \u00faltimos anos nas igrejas protestantes? A\u00a0m\u00fasica, a ora\u00e7\u00e3o, o culto, o evangelismo, etc? Veja o que est\u00e1 por detr\u00e1s\u00a0dos bastidores, e quais os ataques que o inimigo das almas tem preparado para enganar ao povo remanescente de Deus. Veja os seguintes textos: &#8220;Muitas ora\u00e7\u00f5es s\u00e3o feitas sem [&hellip;]","og_url":"https:\/\/ellenwhiteaudio.org\/pt\/o-omega-emergente\/","og_site_name":"Ellen White Audio - Portugu\u00eas","article_publisher":"https:\/\/www.facebook.com\/EllenWhiteAudioPT\/","article_modified_time":"2016-05-16T20:54:41+00:00","twitter_card":"summary_large_image","twitter_site":"@ellenwhiteaudio","twitter_misc":{"Est. reading time":"2 minutes"},"schema":{"@context":"https:\/\/schema.org","@graph":[{"@type":"WebPage","@id":"https:\/\/ellenwhiteaudio.org\/pt\/o-omega-emergente\/","url":"https:\/\/ellenwhiteaudio.org\/pt\/o-omega-emergente\/","name":"O \u00d4mega Emergente - Ellen White Audio - Portugu\u00eas","isPartOf":{"@id":"https:\/\/ellenwhiteaudio.org\/pt\/#website"},"datePublished":"2016-04-19T17:34:59+00:00","dateModified":"2016-05-16T20:54:41+00:00","breadcrumb":{"@id":"https:\/\/ellenwhiteaudio.org\/pt\/o-omega-emergente\/#breadcrumb"},"inLanguage":"en-US","potentialAction":[{"@type":"ReadAction","target":["https:\/\/ellenwhiteaudio.org\/pt\/o-omega-emergente\/"]}]},{"@type":"BreadcrumbList","@id":"https:\/\/ellenwhiteaudio.org\/pt\/o-omega-emergente\/#breadcrumb","itemListElement":[{"@type":"ListItem","position":1,"name":"Home","item":"https:\/\/ellenwhiteaudio.org\/pt\/"},{"@type":"ListItem","position":2,"name":"O \u00d4mega Emergente"}]},{"@type":"WebSite","@id":"https:\/\/ellenwhiteaudio.org\/pt\/#website","url":"https:\/\/ellenwhiteaudio.org\/pt\/","name":"Ellen White Audio - Portugu\u00eas","description":"Livros de Ellen White em \u00e1udio","publisher":{"@id":"https:\/\/ellenwhiteaudio.org\/pt\/#organization"},"potentialAction":[{"@type":"SearchAction","target":{"@type":"EntryPoint","urlTemplate":"https:\/\/ellenwhiteaudio.org\/pt\/?s={search_term_string}"},"query-input":{"@type":"PropertyValueSpecification","valueRequired":true,"valueName":"search_term_string"}}],"inLanguage":"en-US"},{"@type":"Organization","@id":"https:\/\/ellenwhiteaudio.org\/pt\/#organization","name":"Ellen White Audio - Portugu\u00eas","url":"https:\/\/ellenwhiteaudio.org\/pt\/","logo":{"@type":"ImageObject","inLanguage":"en-US","@id":"https:\/\/ellenwhiteaudio.org\/pt\/#\/schema\/logo\/image\/","url":"https:\/\/ellenwhiteaudio.org\/pt\/wp-content\/uploads\/sites\/2\/2025\/02\/EGWaudio-Logo-colored-circle-blue-yellow-white-smaller.png","contentUrl":"https:\/\/ellenwhiteaudio.org\/pt\/wp-content\/uploads\/sites\/2\/2025\/02\/EGWaudio-Logo-colored-circle-blue-yellow-white-smaller.png","width":444,"height":444,"caption":"Ellen White Audio - Portugu\u00eas"},"image":{"@id":"https:\/\/ellenwhiteaudio.org\/pt\/#\/schema\/logo\/image\/"},"sameAs":["https:\/\/www.facebook.com\/EllenWhiteAudioPT\/","https:\/\/x.com\/ellenwhiteaudio","https:\/\/www.youtube.com\/@EllenWhiteAudioPortugu\u00eas","https:\/\/www.instagram.com\/ellenwhiteaudiopt\/"]}]}},"_links":{"self":[{"href":"https:\/\/ellenwhiteaudio.org\/pt\/wp-json\/wp\/v2\/pages\/414","targetHints":{"allow":["GET"]}}],"collection":[{"href":"https:\/\/ellenwhiteaudio.org\/pt\/wp-json\/wp\/v2\/pages"}],"about":[{"href":"https:\/\/ellenwhiteaudio.org\/pt\/wp-json\/wp\/v2\/types\/page"}],"author":[{"embeddable":true,"href":"https:\/\/ellenwhiteaudio.org\/pt\/wp-json\/wp\/v2\/users\/3"}],"replies":[{"embeddable":true,"href":"https:\/\/ellenwhiteaudio.org\/pt\/wp-json\/wp\/v2\/comments?post=414"}],"version-history":[{"count":13,"href":"https:\/\/ellenwhiteaudio.org\/pt\/wp-json\/wp\/v2\/pages\/414\/revisions"}],"predecessor-version":[{"id":446,"href":"https:\/\/ellenwhiteaudio.org\/pt\/wp-json\/wp\/v2\/pages\/414\/revisions\/446"}],"wp:attachment":[{"href":"https:\/\/ellenwhiteaudio.org\/pt\/wp-json\/wp\/v2\/media?parent=414"}],"curies":[{"name":"wp","href":"https:\/\/api.w.org\/{rel}","templated":true}]}}