{"id":389,"date":"2015-12-03T16:36:53","date_gmt":"2015-12-03T16:36:53","guid":{"rendered":"http:\/\/ellenwhiteaudio.org\/pt\/?page_id=389"},"modified":"2019-10-15T14:54:03","modified_gmt":"2019-10-15T17:54:03","slug":"aplicativos-2","status":"publish","type":"page","link":"https:\/\/ellenwhiteaudio.org\/pt\/aplicativos-2\/","title":{"rendered":"Aplicativos"},"content":{"rendered":"<h1>Leia os Escritos de Ellen G. White<br \/>\nem seu Telefone ou Tablet<\/h1>\n<p style=\"text-align: center;\"><span style=\"font-family: 'arial black', 'avant garde';\"><strong><span style=\"color: #ff0000; font-size: 20px;\">Baixe Gr\u00e1tis<\/span><\/strong><\/span><\/p>\n<h2 style=\"text-align: center;\">Produzido pelo Ellen G. White Estate<\/h2>\n<p>Leia os livros de Ellen White em seu celular ou tablet. Funciona em v\u00e1rios modelos: iPhone, iPad, telefones Android da Samsung, Motorola e outras marcas, Kindle Fire da Amazon. Baixe os arquivos nos links abaixo:<\/p>\n<hr \/>\n<div class=\"apps-page\">\n<h2>iPhone\/iPad<\/h2>\n<p><a href=\"https:\/\/ellenwhiteaudio.org\/pt\/wp-content\/uploads\/sites\/2\/2019\/10\/icon.png\" target=\"_blank\" rel=\"https:\/\/play.google.com\/store\/apps\/details?id=com.whiteestate.egwwritings&amp;hl=pt_br noopener noreferrer\"><img decoding=\"async\" class=\"alignright wp-image-586\" src=\"https:\/\/ellenwhiteaudio.org\/pt\/wp-content\/uploads\/sites\/2\/2019\/10\/icon.png\" alt=\"\" width=\"115\" height=\"115\" srcset=\"https:\/\/ellenwhiteaudio.org\/pt\/wp-content\/uploads\/sites\/2\/2019\/10\/icon.png 192w, https:\/\/ellenwhiteaudio.org\/pt\/wp-content\/uploads\/sites\/2\/2019\/10\/icon-150x150.png 150w\" sizes=\"(max-width: 115px) 100vw, 115px\" \/><\/a><a title=\"Download dos Escritos Publicados de Ellen White para iPhone\/iPad\" href=\"https:\/\/apps.apple.com\/br\/app\/egw-writings-2\/id994076136\" target=\"_blank\" rel=\"noopener noreferrer\">Baixar o aplicativo para iOS (iPhone e iPad)<\/a><\/p>\n<hr \/>\n<h2>Telefone\/Tablet (Android)<\/h2>\n<p><a title=\"Download dos Escritos de Ellen White para aparelho Android\" href=\"https:\/\/play.google.com\/store\/apps\/details?id=com.whiteestate.egwwritings&amp;hl=pt_BR\" target=\"_blank\" rel=\"noopener noreferrer\">Baixar o aplicativo para aparelho Android (telefone e tablet)<\/a><a href=\"https:\/\/ellenwhiteaudio.org\/pt\/wp-content\/uploads\/sites\/2\/2019\/10\/icon.png\" target=\"_blank\" rel=\"https:\/\/play.google.com\/store\/apps\/details?id=com.whiteestate.egwwritings&amp;hl=pt_br noopener noreferrer\"><img decoding=\"async\" class=\"wp-image-586 alignright\" src=\"https:\/\/ellenwhiteaudio.org\/pt\/wp-content\/uploads\/sites\/2\/2019\/10\/icon.png\" alt=\"\" width=\"115\" height=\"115\" srcset=\"https:\/\/ellenwhiteaudio.org\/pt\/wp-content\/uploads\/sites\/2\/2019\/10\/icon.png 192w, https:\/\/ellenwhiteaudio.org\/pt\/wp-content\/uploads\/sites\/2\/2019\/10\/icon-150x150.png 150w\" sizes=\"(max-width: 115px) 100vw, 115px\" \/><\/a><\/p>\n<hr \/>\n<h2>Amazon Kindle Fire<\/h2>\n<p><a title=\"Donwload dos Escritos de Ellen G. White para Amazon Kindle\" href=\"http:\/\/www.amazon.com\/dp\/B0063JB376\/ref=cm_sw_su_dp\" target=\"_blank\" rel=\"noopener noreferrer\">Baixar o aplicativo para Kind<\/a><a href=\"https:\/\/ellenwhiteaudio.org\/pt\/wp-content\/uploads\/sites\/2\/2019\/10\/egw.estate.png\" target=\"_blank\" rel=\"http:\/\/www.amazon.com\/dp\/b0063jb376\/ref=cm_sw_su_dp noopener noreferrer\"><img decoding=\"async\" class=\"alignright wp-image-587\" src=\"https:\/\/ellenwhiteaudio.org\/pt\/wp-content\/uploads\/sites\/2\/2019\/10\/egw.estate.png\" alt=\"\" width=\"99\" height=\"99\" srcset=\"https:\/\/ellenwhiteaudio.org\/pt\/wp-content\/uploads\/sites\/2\/2019\/10\/egw.estate.png 300w, https:\/\/ellenwhiteaudio.org\/pt\/wp-content\/uploads\/sites\/2\/2019\/10\/egw.estate-150x150.png 150w\" sizes=\"(max-width: 99px) 100vw, 99px\" \/><\/a><a title=\"Donwload dos Escritos de Ellen G. White para Amazon Kindle\" href=\"http:\/\/www.amazon.com\/dp\/B0063JB376\/ref=cm_sw_su_dp\" target=\"_blank\" rel=\"noopener noreferrer\">le Fire<\/a><\/p>\n<hr \/>\n<h2><\/h2>\n<\/div>\n","protected":false},"excerpt":{"rendered":"<p>Leia os Escritos de Ellen G. White em seu Telefone ou Tablet Baixe Gr\u00e1tis Produzido pelo Ellen G. White Estate Leia os livros de Ellen White em seu celular ou tablet. Funciona em v\u00e1rios modelos: iPhone, iPad, telefones Android da Samsung, Motorola e outras marcas, Kindle Fire da Amazon. Baixe os arquivos nos links abaixo: [&hellip;]<\/p>\n","protected":false},"author":3,"featured_media":0,"parent":0,"menu_order":0,"comment_status":"closed","ping_status":"closed","template":"","meta":{"dwc-title":[],"dwc-content":[],"dwc-title-2":[],"dwc-content-2":[],"dwc-title-3":[],"dwc-content-3":[],"footnotes":""},"class_list":["post-389","page","type-page","status-publish","hentry"],"yoast_head":"<!-- This site is optimized with the Yoast SEO plugin v27.4 - https:\/\/yoast.com\/product\/yoast-seo-wordpress\/ -->\n<title>Aplicativos - Ellen White Audio - Portugu\u00eas<\/title>\n<meta name=\"robots\" content=\"index, follow, max-snippet:-1, max-image-preview:large, max-video-preview:-1\" \/>\n<link rel=\"canonical\" href=\"https:\/\/ellenwhiteaudio.org\/pt\/aplicativos-2\/\" \/>\n<meta property=\"og:locale\" content=\"en_US\" \/>\n<meta property=\"og:type\" content=\"article\" \/>\n<meta property=\"og:title\" content=\"Aplicativos - Ellen White Audio - Portugu\u00eas\" \/>\n<meta property=\"og:description\" content=\"Leia os Escritos de Ellen G. White em seu Telefone ou Tablet Baixe Gr\u00e1tis Produzido pelo Ellen G. White Estate Leia os livros de Ellen White em seu celular ou tablet. Funciona em v\u00e1rios modelos: iPhone, iPad, telefones Android da Samsung, Motorola e outras marcas, Kindle Fire da Amazon. Baixe os arquivos nos links abaixo: [&hellip;]\" \/>\n<meta property=\"og:url\" content=\"https:\/\/ellenwhiteaudio.org\/pt\/aplicativos-2\/\" \/>\n<meta property=\"og:site_name\" content=\"Ellen White Audio - Portugu\u00eas\" \/>\n<meta property=\"article:publisher\" content=\"https:\/\/www.facebook.com\/EllenWhiteAudioPT\/\" \/>\n<meta property=\"article:modified_time\" content=\"2019-10-15T17:54:03+00:00\" \/>\n<meta property=\"og:image\" content=\"https:\/\/ellenwhiteaudio.org\/pt\/wp-content\/uploads\/sites\/2\/2019\/10\/icon.png\" \/>\n\t<meta property=\"og:image:width\" content=\"192\" \/>\n\t<meta property=\"og:image:height\" content=\"192\" \/>\n\t<meta property=\"og:image:type\" content=\"image\/png\" \/>\n<meta name=\"twitter:card\" content=\"summary_large_image\" \/>\n<meta name=\"twitter:site\" content=\"@ellenwhiteaudio\" \/>\n<script type=\"application\/ld+json\" class=\"yoast-schema-graph\">{\"@context\":\"https:\\\/\\\/schema.org\",\"@graph\":[{\"@type\":\"WebPage\",\"@id\":\"https:\\\/\\\/ellenwhiteaudio.org\\\/pt\\\/aplicativos-2\\\/\",\"url\":\"https:\\\/\\\/ellenwhiteaudio.org\\\/pt\\\/aplicativos-2\\\/\",\"name\":\"Aplicativos - Ellen White Audio - Portugu\u00eas\",\"isPartOf\":{\"@id\":\"https:\\\/\\\/ellenwhiteaudio.org\\\/pt\\\/#website\"},\"primaryImageOfPage\":{\"@id\":\"https:\\\/\\\/ellenwhiteaudio.org\\\/pt\\\/aplicativos-2\\\/#primaryimage\"},\"image\":{\"@id\":\"https:\\\/\\\/ellenwhiteaudio.org\\\/pt\\\/aplicativos-2\\\/#primaryimage\"},\"thumbnailUrl\":\"https:\\\/\\\/ellenwhiteaudio.org\\\/pt\\\/wp-content\\\/uploads\\\/sites\\\/2\\\/2019\\\/10\\\/icon.png\",\"datePublished\":\"2015-12-03T16:36:53+00:00\",\"dateModified\":\"2019-10-15T17:54:03+00:00\",\"breadcrumb\":{\"@id\":\"https:\\\/\\\/ellenwhiteaudio.org\\\/pt\\\/aplicativos-2\\\/#breadcrumb\"},\"inLanguage\":\"en-US\",\"potentialAction\":[{\"@type\":\"ReadAction\",\"target\":[\"https:\\\/\\\/ellenwhiteaudio.org\\\/pt\\\/aplicativos-2\\\/\"]}]},{\"@type\":\"ImageObject\",\"inLanguage\":\"en-US\",\"@id\":\"https:\\\/\\\/ellenwhiteaudio.org\\\/pt\\\/aplicativos-2\\\/#primaryimage\",\"url\":\"https:\\\/\\\/ellenwhiteaudio.org\\\/pt\\\/wp-content\\\/uploads\\\/sites\\\/2\\\/2019\\\/10\\\/icon.png\",\"contentUrl\":\"https:\\\/\\\/ellenwhiteaudio.org\\\/pt\\\/wp-content\\\/uploads\\\/sites\\\/2\\\/2019\\\/10\\\/icon.png\"},{\"@type\":\"BreadcrumbList\",\"@id\":\"https:\\\/\\\/ellenwhiteaudio.org\\\/pt\\\/aplicativos-2\\\/#breadcrumb\",\"itemListElement\":[{\"@type\":\"ListItem\",\"position\":1,\"name\":\"Home\",\"item\":\"https:\\\/\\\/ellenwhiteaudio.org\\\/pt\\\/\"},{\"@type\":\"ListItem\",\"position\":2,\"name\":\"Aplicativos\"}]},{\"@type\":\"WebSite\",\"@id\":\"https:\\\/\\\/ellenwhiteaudio.org\\\/pt\\\/#website\",\"url\":\"https:\\\/\\\/ellenwhiteaudio.org\\\/pt\\\/\",\"name\":\"Ellen White Audio - Portugu\u00eas\",\"description\":\"Livros de Ellen White em \u00e1udio\",\"publisher\":{\"@id\":\"https:\\\/\\\/ellenwhiteaudio.org\\\/pt\\\/#organization\"},\"potentialAction\":[{\"@type\":\"SearchAction\",\"target\":{\"@type\":\"EntryPoint\",\"urlTemplate\":\"https:\\\/\\\/ellenwhiteaudio.org\\\/pt\\\/?s={search_term_string}\"},\"query-input\":{\"@type\":\"PropertyValueSpecification\",\"valueRequired\":true,\"valueName\":\"search_term_string\"}}],\"inLanguage\":\"en-US\"},{\"@type\":\"Organization\",\"@id\":\"https:\\\/\\\/ellenwhiteaudio.org\\\/pt\\\/#organization\",\"name\":\"Ellen White Audio - Portugu\u00eas\",\"url\":\"https:\\\/\\\/ellenwhiteaudio.org\\\/pt\\\/\",\"logo\":{\"@type\":\"ImageObject\",\"inLanguage\":\"en-US\",\"@id\":\"https:\\\/\\\/ellenwhiteaudio.org\\\/pt\\\/#\\\/schema\\\/logo\\\/image\\\/\",\"url\":\"https:\\\/\\\/ellenwhiteaudio.org\\\/pt\\\/wp-content\\\/uploads\\\/sites\\\/2\\\/2025\\\/02\\\/EGWaudio-Logo-colored-circle-blue-yellow-white-smaller.png\",\"contentUrl\":\"https:\\\/\\\/ellenwhiteaudio.org\\\/pt\\\/wp-content\\\/uploads\\\/sites\\\/2\\\/2025\\\/02\\\/EGWaudio-Logo-colored-circle-blue-yellow-white-smaller.png\",\"width\":444,\"height\":444,\"caption\":\"Ellen White Audio - Portugu\u00eas\"},\"image\":{\"@id\":\"https:\\\/\\\/ellenwhiteaudio.org\\\/pt\\\/#\\\/schema\\\/logo\\\/image\\\/\"},\"sameAs\":[\"https:\\\/\\\/www.facebook.com\\\/EllenWhiteAudioPT\\\/\",\"https:\\\/\\\/x.com\\\/ellenwhiteaudio\",\"https:\\\/\\\/www.youtube.com\\\/@EllenWhiteAudioPortugu\u00eas\",\"https:\\\/\\\/www.instagram.com\\\/ellenwhiteaudiopt\\\/\"]}]}<\/script>\n<!-- \/ Yoast SEO plugin. -->","yoast_head_json":{"title":"Aplicativos - Ellen White Audio - Portugu\u00eas","robots":{"index":"index","follow":"follow","max-snippet":"max-snippet:-1","max-image-preview":"max-image-preview:large","max-video-preview":"max-video-preview:-1"},"canonical":"https:\/\/ellenwhiteaudio.org\/pt\/aplicativos-2\/","og_locale":"en_US","og_type":"article","og_title":"Aplicativos - Ellen White Audio - Portugu\u00eas","og_description":"Leia os Escritos de Ellen G. White em seu Telefone ou Tablet Baixe Gr\u00e1tis Produzido pelo Ellen G. White Estate Leia os livros de Ellen White em seu celular ou tablet. Funciona em v\u00e1rios modelos: iPhone, iPad, telefones Android da Samsung, Motorola e outras marcas, Kindle Fire da Amazon. Baixe os arquivos nos links abaixo: [&hellip;]","og_url":"https:\/\/ellenwhiteaudio.org\/pt\/aplicativos-2\/","og_site_name":"Ellen White Audio - Portugu\u00eas","article_publisher":"https:\/\/www.facebook.com\/EllenWhiteAudioPT\/","article_modified_time":"2019-10-15T17:54:03+00:00","og_image":[{"width":192,"height":192,"url":"https:\/\/ellenwhiteaudio.org\/pt\/wp-content\/uploads\/sites\/2\/2019\/10\/icon.png","type":"image\/png"}],"twitter_card":"summary_large_image","twitter_site":"@ellenwhiteaudio","schema":{"@context":"https:\/\/schema.org","@graph":[{"@type":"WebPage","@id":"https:\/\/ellenwhiteaudio.org\/pt\/aplicativos-2\/","url":"https:\/\/ellenwhiteaudio.org\/pt\/aplicativos-2\/","name":"Aplicativos - Ellen White Audio - Portugu\u00eas","isPartOf":{"@id":"https:\/\/ellenwhiteaudio.org\/pt\/#website"},"primaryImageOfPage":{"@id":"https:\/\/ellenwhiteaudio.org\/pt\/aplicativos-2\/#primaryimage"},"image":{"@id":"https:\/\/ellenwhiteaudio.org\/pt\/aplicativos-2\/#primaryimage"},"thumbnailUrl":"https:\/\/ellenwhiteaudio.org\/pt\/wp-content\/uploads\/sites\/2\/2019\/10\/icon.png","datePublished":"2015-12-03T16:36:53+00:00","dateModified":"2019-10-15T17:54:03+00:00","breadcrumb":{"@id":"https:\/\/ellenwhiteaudio.org\/pt\/aplicativos-2\/#breadcrumb"},"inLanguage":"en-US","potentialAction":[{"@type":"ReadAction","target":["https:\/\/ellenwhiteaudio.org\/pt\/aplicativos-2\/"]}]},{"@type":"ImageObject","inLanguage":"en-US","@id":"https:\/\/ellenwhiteaudio.org\/pt\/aplicativos-2\/#primaryimage","url":"https:\/\/ellenwhiteaudio.org\/pt\/wp-content\/uploads\/sites\/2\/2019\/10\/icon.png","contentUrl":"https:\/\/ellenwhiteaudio.org\/pt\/wp-content\/uploads\/sites\/2\/2019\/10\/icon.png"},{"@type":"BreadcrumbList","@id":"https:\/\/ellenwhiteaudio.org\/pt\/aplicativos-2\/#breadcrumb","itemListElement":[{"@type":"ListItem","position":1,"name":"Home","item":"https:\/\/ellenwhiteaudio.org\/pt\/"},{"@type":"ListItem","position":2,"name":"Aplicativos"}]},{"@type":"WebSite","@id":"https:\/\/ellenwhiteaudio.org\/pt\/#website","url":"https:\/\/ellenwhiteaudio.org\/pt\/","name":"Ellen White Audio - Portugu\u00eas","description":"Livros de Ellen White em \u00e1udio","publisher":{"@id":"https:\/\/ellenwhiteaudio.org\/pt\/#organization"},"potentialAction":[{"@type":"SearchAction","target":{"@type":"EntryPoint","urlTemplate":"https:\/\/ellenwhiteaudio.org\/pt\/?s={search_term_string}"},"query-input":{"@type":"PropertyValueSpecification","valueRequired":true,"valueName":"search_term_string"}}],"inLanguage":"en-US"},{"@type":"Organization","@id":"https:\/\/ellenwhiteaudio.org\/pt\/#organization","name":"Ellen White Audio - Portugu\u00eas","url":"https:\/\/ellenwhiteaudio.org\/pt\/","logo":{"@type":"ImageObject","inLanguage":"en-US","@id":"https:\/\/ellenwhiteaudio.org\/pt\/#\/schema\/logo\/image\/","url":"https:\/\/ellenwhiteaudio.org\/pt\/wp-content\/uploads\/sites\/2\/2025\/02\/EGWaudio-Logo-colored-circle-blue-yellow-white-smaller.png","contentUrl":"https:\/\/ellenwhiteaudio.org\/pt\/wp-content\/uploads\/sites\/2\/2025\/02\/EGWaudio-Logo-colored-circle-blue-yellow-white-smaller.png","width":444,"height":444,"caption":"Ellen White Audio - Portugu\u00eas"},"image":{"@id":"https:\/\/ellenwhiteaudio.org\/pt\/#\/schema\/logo\/image\/"},"sameAs":["https:\/\/www.facebook.com\/EllenWhiteAudioPT\/","https:\/\/x.com\/ellenwhiteaudio","https:\/\/www.youtube.com\/@EllenWhiteAudioPortugu\u00eas","https:\/\/www.instagram.com\/ellenwhiteaudiopt\/"]}]}},"_links":{"self":[{"href":"https:\/\/ellenwhiteaudio.org\/pt\/wp-json\/wp\/v2\/pages\/389","targetHints":{"allow":["GET"]}}],"collection":[{"href":"https:\/\/ellenwhiteaudio.org\/pt\/wp-json\/wp\/v2\/pages"}],"about":[{"href":"https:\/\/ellenwhiteaudio.org\/pt\/wp-json\/wp\/v2\/types\/page"}],"author":[{"embeddable":true,"href":"https:\/\/ellenwhiteaudio.org\/pt\/wp-json\/wp\/v2\/users\/3"}],"replies":[{"embeddable":true,"href":"https:\/\/ellenwhiteaudio.org\/pt\/wp-json\/wp\/v2\/comments?post=389"}],"version-history":[{"count":5,"href":"https:\/\/ellenwhiteaudio.org\/pt\/wp-json\/wp\/v2\/pages\/389\/revisions"}],"predecessor-version":[{"id":590,"href":"https:\/\/ellenwhiteaudio.org\/pt\/wp-json\/wp\/v2\/pages\/389\/revisions\/590"}],"wp:attachment":[{"href":"https:\/\/ellenwhiteaudio.org\/pt\/wp-json\/wp\/v2\/media?parent=389"}],"curies":[{"name":"wp","href":"https:\/\/api.w.org\/{rel}","templated":true}]}}